{"id":849,"date":"2018-12-10T10:49:31","date_gmt":"2018-12-10T10:49:31","guid":{"rendered":"http:\/\/democontent.codex-themes.com\/sites-wpb-v5\/photography-studio\/?page_id=2"},"modified":"2024-12-05T10:23:59","modified_gmt":"2024-12-05T10:23:59","slug":"homepage","status":"publish","type":"page","link":"https:\/\/farbel.it\/fr\/","title":{"rendered":"Page d&#039;accueil"},"content":{"rendered":"<div class=\"wpb-content-wrapper\"><div id=\"vc_row-69f876089fd7c\" class=\"vc_row wpb_row vc_row-fluid vc_custom_1732541999046 thegem-custom-69f876089fd452316 vc_column-gap-30\"><div class=\"wpb_column vc_column_container vc_col-sm-12 thegem-custom-69f87608a03931310\" ><div class=\"vc_column-inner thegem-custom-inner-69f87608a0398\"><div class=\"wpb_wrapper thegem-custom-69f87608a03931310\"><div class=\"clearboth\"><\/div><style>#thegem-divider-69f87608a07e4 {margin-top: 50px !important;}<\/style><div id=\"thegem-divider-69f87608a07e4\" class=\"gem-divider\" style=\"\" ><\/div>\r\n\t\r\n\t<div  class=\"wpb_single_image wpb_content_element vc_align_center  vc_custom_1732541779169\" >\r\n\t\t\r\n\t\t<figure class=\"wpb_wrapper vc_figure\">\r\n\t\t\t<div class=\"vc_single_image-wrapper   vc_box_border_grey\"><img class=\"vc_single_image-img\" src=\"https:\/\/farbel.it\/wp-content\/uploads\/2024\/11\/belotti-1-300x54.png\" width=\"300\" height=\"54\" alt=\"belotti\" title=\"belotti\" loading=\"lazy\" \/><\/div>\r\n\t\t<\/figure>\r\n\t<\/div>\r\n\t\r\n\r\n\t\r\n\t\t<div class=\"wpb_text_column wpb_content_element  wpb_animate_when_almost_visible wpb_bottom-to-top bottom-to-top thegem-vc-text thegem-custom-69f87608a139d1335\"  >\r\n\t\t\t<div class=\"wpb_wrapper\">\r\n\t\t\t\t<div class=\"styled-subtitle\" style=\"text-align: center;\"><span style=\"color: #b3ae8d;\">Depuis plus de 50 ans, leader dans la fonderie artistique du laiton, de l&#039;aluminium, du cuivre et de l&#039;acier.<\/span><\/div>\n\r\n\t\t\t<\/div>\r\n\t\t\t<style>@media screen and (max-width: 1023px) {.thegem-vc-text.thegem-custom-69f87608a139d1335{display: block!important;}}@media screen and (max-width: 767px) {.thegem-vc-text.thegem-custom-69f87608a139d1335{display: block!important;}}@media screen and (max-width: 1023px) {.thegem-vc-text.thegem-custom-69f87608a139d1335{position: relative !important;}}@media screen and (max-width: 767px) {.thegem-vc-text.thegem-custom-69f87608a139d1335{position: relative !important;}}<\/style>\r\n\t\t<\/div>\r\n\t\r\n<div class=\"clearboth\"><\/div><style>#thegem-divider-69f87608a150c {margin-top: 50px !important;}<\/style><div id=\"thegem-divider-69f87608a150c\" class=\"gem-divider\" style=\"\" ><\/div><div class=\"vc_row wpb_row vc_inner vc_row-fluid thegem-custom-69f87608a18ed1056 custom-inner-column-69f87608a18fd\" ><div class=\"wpb_column vc_column_container vc_col-sm-6 thegem-custom-69f87608a1dc68938\"><div class=\"vc_column-inner thegem-custom-inner-69f87608a1dcb\"><div class=\"wpb_wrapper thegem-custom-69f87608a1dc68938\">\r\n\t\r\n\t\t<div class=\"wpb_text_column wpb_content_element  wpb_animate_when_almost_visible wpb_bottom-to-top bottom-to-top thegem-vc-text thegem-custom-69f87608a20f15104\"  >\r\n\t\t\t<div class=\"wpb_wrapper\">\r\n\t\t\t\t<p><span style=\"color: #b8b8b8;\"><strong>FARBEL : Tradition, Innovation et Raret\u00e9 dans le monde de la Fusion Artistique<\/strong><\/span><\/p>\n<p><span style=\"color: #b8b8b8;\"><strong>FARBEL<\/strong> est l&#039;une des entreprises italiennes les plus prestigieuses du secteur de la fusion artistique. Fond\u00e9e en 1966, elle repr\u00e9sente depuis plus d&#039;un demi-si\u00e8cle l&#039;excellence dans le traitement des m\u00e9taux pr\u00e9cieux tels que le laiton, le bronze, l&#039;aluminium, le cuivre et l&#039;acier, avec une attention particuli\u00e8re \u00e0 la qualit\u00e9 artisanale et \u00e0 l&#039;innovation technologique.<\/span><\/p>\n<p><span style=\"color: #b8b8b8;\">Notre expertise nous a permis de satisfaire les besoins les plus divers, aussi bien pour la production \u00e0 petite \u00e9chelle que pour les grandes s\u00e9ries, en exportant nos produits dans le monde entier.<\/span><\/p>\n\r\n\t\t\t<\/div>\r\n\t\t\t<style>@media screen and (max-width: 1023px) {.thegem-vc-text.thegem-custom-69f87608a20f15104{display: block!important;}}@media screen and (max-width: 767px) {.thegem-vc-text.thegem-custom-69f87608a20f15104{display: block!important;}}@media screen and (max-width: 1023px) {.thegem-vc-text.thegem-custom-69f87608a20f15104{position: relative !important;}}@media screen and (max-width: 767px) {.thegem-vc-text.thegem-custom-69f87608a20f15104{position: relative !important;}}<\/style>\r\n\t\t<\/div>\r\n\t\r\n<\/div><\/div><\/div><div class=\"wpb_column vc_column_container vc_col-sm-6 thegem-custom-69f87608a24e73426\"><div class=\"vc_column-inner thegem-custom-inner-69f87608a24eb\"><div class=\"wpb_wrapper thegem-custom-69f87608a24e73426\">\r\n\t\r\n\t\t<div class=\"wpb_text_column wpb_content_element  thegem-vc-text thegem-custom-69f87608a27b49483\"  >\r\n\t\t\t<div class=\"wpb_wrapper\">\r\n\t\t\t\t<p><span style=\"color: #b8b8b8;\">Aujourd&#039;hui, <strong>FARBEL<\/strong> a suspendu la production de catalogues, tout en continuant \u00e0 cr\u00e9er des \u00e9l\u00e9ments de design exclusifs pour les clients historiques, gardant ainsi vivante notre tradition artisanale. Des pi\u00e8ces uniques sont toujours disponibles dans notre showroom, dont la valeur augmente avec le temps gr\u00e2ce \u00e0 leur raret\u00e9 et leur exclusivit\u00e9 artisanale. Ces objets repr\u00e9sentent non seulement un exemple tangible de notre savoir-faire, mais aussi des objets cultes pour les collectionneurs et les passionn\u00e9s du monde entier.<\/span><\/p>\n<p><span style=\"color: #b8b8b8;\"><strong><em>FARBEL continue d&#039;\u00eatre synonyme d&#039;excellence, alliant tradition, innovation et h\u00e9ritage de valeur dans le monde de la fusion artistique.<\/em><\/strong><\/span><\/p>\n\r\n\t\t\t<\/div>\r\n\t\t\t<style>@media screen and (max-width: 1023px) {.thegem-vc-text.thegem-custom-69f87608a27b49483{display: block!important;}}@media screen and (max-width: 767px) {.thegem-vc-text.thegem-custom-69f87608a27b49483{display: block!important;}}@media screen and (max-width: 1023px) {.thegem-vc-text.thegem-custom-69f87608a27b49483{position: relative !important;}}@media screen and (max-width: 767px) {.thegem-vc-text.thegem-custom-69f87608a27b49483{position: relative !important;}}<\/style>\r\n\t\t<\/div>\r\n\t\r\n<\/div><\/div><\/div><\/div><\/div><\/div><\/div><\/div><div class=\"vc_row-full-width-before\"><\/div><div id=\"vc_row-69f87608a2ccb\" data-vc-full-width=\"true\" data-vc-full-width-init=\"false\" data-vc-stretch-content=\"true\" class=\"vc_row wpb_row vc_row-fluid thegem-custom-69f87608a2cb79879 vc_row-no-padding\"><script type=\"text\/javascript\">if (typeof(gem_fix_fullwidth_position) == \"function\") { gem_fix_fullwidth_position(document.getElementById(\"vc_row-69f87608a2ccb\")); }<\/script><div class=\"wpb_column vc_column_container vc_col-sm-1\/5 thegem-custom-69f87608a30d72684\" ><div class=\"vc_column-inner thegem-custom-inner-69f87608a30db\"><div class=\"wpb_wrapper thegem-custom-69f87608a30d72684\">\r\n\t\r\n\t<div  class=\"wpb_single_image wpb_content_element vc_align_center\" >\r\n\t\t\r\n\t\t<figure class=\"wpb_wrapper vc_figure\">\r\n\t\t\t<div class=\"vc_single_image-wrapper   vc_box_border_grey\"><img width=\"960\" height=\"820\" src=\"https:\/\/farbel.it\/wp-content\/uploads\/2024\/10\/storia-1.jpg\" class=\"vc_single_image-img attachment-full\" alt=\"\" title=\"histoire-1\" srcset=\"https:\/\/farbel.it\/wp-content\/uploads\/2024\/10\/storia-1.jpg 960w, https:\/\/farbel.it\/wp-content\/uploads\/2024\/10\/storia-1-300x256.jpg 300w, https:\/\/farbel.it\/wp-content\/uploads\/2024\/10\/storia-1-768x656.jpg 768w, https:\/\/farbel.it\/wp-content\/uploads\/2024\/10\/storia-1-600x513.jpg 600w\" sizes=\"(max-width: 960px) 100vw, 960px\" \/><\/div>\r\n\t\t<\/figure>\r\n\t<\/div>\r\n\t\r\n<\/div><\/div><\/div><div class=\"wpb_column vc_column_container vc_col-sm-1\/5 thegem-custom-69f87608a3d658029\" ><div class=\"vc_column-inner thegem-custom-inner-69f87608a3d6a\"><div class=\"wpb_wrapper thegem-custom-69f87608a3d658029\">\r\n\t\r\n\t<div  class=\"wpb_single_image wpb_content_element vc_align_center\" >\r\n\t\t\r\n\t\t<figure class=\"wpb_wrapper vc_figure\">\r\n\t\t\t<div class=\"vc_single_image-wrapper   vc_box_border_grey\"><img width=\"960\" height=\"820\" src=\"https:\/\/farbel.it\/wp-content\/uploads\/2024\/10\/storia-4.jpg\" class=\"vc_single_image-img attachment-full\" alt=\"\" title=\"histoire-4\" srcset=\"https:\/\/farbel.it\/wp-content\/uploads\/2024\/10\/storia-4.jpg 960w, https:\/\/farbel.it\/wp-content\/uploads\/2024\/10\/storia-4-300x256.jpg 300w, https:\/\/farbel.it\/wp-content\/uploads\/2024\/10\/storia-4-768x656.jpg 768w, https:\/\/farbel.it\/wp-content\/uploads\/2024\/10\/storia-4-600x513.jpg 600w\" sizes=\"(max-width: 960px) 100vw, 960px\" \/><\/div>\r\n\t\t<\/figure>\r\n\t<\/div>\r\n\t\r\n<\/div><\/div><\/div><div class=\"wpb_column vc_column_container vc_col-sm-1\/5 thegem-custom-69f87608a48754676\" ><div class=\"vc_column-inner thegem-custom-inner-69f87608a487a\"><div class=\"wpb_wrapper thegem-custom-69f87608a48754676\">\r\n\t\r\n\t<div  class=\"wpb_single_image wpb_content_element vc_align_center\" >\r\n\t\t\r\n\t\t<figure class=\"wpb_wrapper vc_figure\">\r\n\t\t\t<div class=\"vc_single_image-wrapper   vc_box_border_grey\"><img width=\"960\" height=\"820\" src=\"https:\/\/farbel.it\/wp-content\/uploads\/2024\/11\/farbel3.jpg\" class=\"vc_single_image-img attachment-full\" alt=\"\" title=\"farbel3\" srcset=\"https:\/\/farbel.it\/wp-content\/uploads\/2024\/11\/farbel3.jpg 960w, https:\/\/farbel.it\/wp-content\/uploads\/2024\/11\/farbel3-300x256.jpg 300w, https:\/\/farbel.it\/wp-content\/uploads\/2024\/11\/farbel3-768x656.jpg 768w, https:\/\/farbel.it\/wp-content\/uploads\/2024\/11\/farbel3-600x513.jpg 600w\" sizes=\"(max-width: 960px) 100vw, 960px\" \/><\/div>\r\n\t\t<\/figure>\r\n\t<\/div>\r\n\t\r\n<\/div><\/div><\/div><div class=\"wpb_column vc_column_container vc_col-sm-1\/5 thegem-custom-69f87608a5352893\" ><div class=\"vc_column-inner thegem-custom-inner-69f87608a5357\"><div class=\"wpb_wrapper thegem-custom-69f87608a5352893\">\r\n\t\r\n\t<div  class=\"wpb_single_image wpb_content_element vc_align_center\" >\r\n\t\t\r\n\t\t<figure class=\"wpb_wrapper vc_figure\">\r\n\t\t\t<div class=\"vc_single_image-wrapper   vc_box_border_grey\"><img width=\"960\" height=\"820\" src=\"https:\/\/farbel.it\/wp-content\/uploads\/2024\/10\/produzione-4.jpg\" class=\"vc_single_image-img attachment-full\" alt=\"\" title=\"production-4\" srcset=\"https:\/\/farbel.it\/wp-content\/uploads\/2024\/10\/produzione-4.jpg 960w, https:\/\/farbel.it\/wp-content\/uploads\/2024\/10\/produzione-4-300x256.jpg 300w, https:\/\/farbel.it\/wp-content\/uploads\/2024\/10\/produzione-4-768x656.jpg 768w, https:\/\/farbel.it\/wp-content\/uploads\/2024\/10\/produzione-4-600x513.jpg 600w\" sizes=\"(max-width: 960px) 100vw, 960px\" \/><\/div>\r\n\t\t<\/figure>\r\n\t<\/div>\r\n\t\r\n<\/div><\/div><\/div><div class=\"wpb_column vc_column_container vc_col-sm-1\/5 thegem-custom-69f87608a5e504762\" ><div class=\"vc_column-inner thegem-custom-inner-69f87608a5e55\"><div class=\"wpb_wrapper thegem-custom-69f87608a5e504762\">\r\n\t\r\n\t<div  class=\"wpb_single_image wpb_content_element vc_align_center\" >\r\n\t\t\r\n\t\t<figure class=\"wpb_wrapper vc_figure\">\r\n\t\t\t<div class=\"vc_single_image-wrapper   vc_box_border_grey\"><img width=\"960\" height=\"820\" src=\"https:\/\/farbel.it\/wp-content\/uploads\/2024\/10\/produzione-1.jpg\" class=\"vc_single_image-img attachment-full\" alt=\"\" title=\"production-1\" srcset=\"https:\/\/farbel.it\/wp-content\/uploads\/2024\/10\/produzione-1.jpg 960w, https:\/\/farbel.it\/wp-content\/uploads\/2024\/10\/produzione-1-300x256.jpg 300w, https:\/\/farbel.it\/wp-content\/uploads\/2024\/10\/produzione-1-768x656.jpg 768w, https:\/\/farbel.it\/wp-content\/uploads\/2024\/10\/produzione-1-600x513.jpg 600w\" sizes=\"(max-width: 960px) 100vw, 960px\" \/><\/div>\r\n\t\t<\/figure>\r\n\t<\/div>\r\n\t\r\n<\/div><\/div><\/div><\/div><div class=\"vc_row-full-width vc_clearfix\"><\/div><div id=\"vc_row-69f87608a6a40\" class=\"vc_row wpb_row vc_row-fluid vc_custom_1544617959409 thegem-custom-69f87608a6a1f7384\"><div class=\"wpb_column vc_column_container vc_col-sm-12 thegem-custom-69f87608a6e768596\" ><div class=\"vc_column-inner thegem-custom-inner-69f87608a6e7b\"><div class=\"wpb_wrapper thegem-custom-69f87608a6e768596\">\r\n\t\r\n\t\t<div class=\"wpb_text_column wpb_content_element  wpb_animate_when_almost_visible wpb_bottom-to-top bottom-to-top thegem-vc-text thegem-custom-69f87608a71621895\"  >\r\n\t\t\t<div class=\"wpb_wrapper\">\r\n\t\t\t\t<div class=\"styled-subtitle\" style=\"text-align: center;\"><span style=\"color: #b3ae8d;\"><strong>FARBEL<\/strong> continue d&#039;\u00eatre synonyme de <strong>excellence<\/strong>,<br \/>\nadh\u00e9sion <strong>tradition<\/strong>, <strong>innovation<\/strong> et un h\u00e9ritage de valeur dans le monde de <strong>fusion artistique<\/strong>.<\/span><\/div>\n\r\n\t\t\t<\/div>\r\n\t\t\t<style>@media screen and (max-width: 1023px) {.thegem-vc-text.thegem-custom-69f87608a71621895{display: block!important;}}@media screen and (max-width: 767px) {.thegem-vc-text.thegem-custom-69f87608a71621895{display: block!important;}}@media screen and (max-width: 1023px) {.thegem-vc-text.thegem-custom-69f87608a71621895{position: relative !important;}}@media screen and (max-width: 767px) {.thegem-vc-text.thegem-custom-69f87608a71621895{position: relative !important;}}<\/style>\r\n\t\t<\/div>\r\n\t\r\n<\/div><\/div><\/div><\/div>\n<\/div>","protected":false},"excerpt":{"rendered":"","protected":false},"author":1,"featured_media":0,"parent":0,"menu_order":0,"comment_status":"closed","ping_status":"open","template":"","meta":{"footnotes":""},"class_list":["post-849","page","type-page","status-publish"],"_links":{"self":[{"href":"https:\/\/farbel.it\/fr\/wp-json\/wp\/v2\/pages\/849","targetHints":{"allow":["GET"]}}],"collection":[{"href":"https:\/\/farbel.it\/fr\/wp-json\/wp\/v2\/pages"}],"about":[{"href":"https:\/\/farbel.it\/fr\/wp-json\/wp\/v2\/types\/page"}],"author":[{"embeddable":true,"href":"https:\/\/farbel.it\/fr\/wp-json\/wp\/v2\/users\/1"}],"replies":[{"embeddable":true,"href":"https:\/\/farbel.it\/fr\/wp-json\/wp\/v2\/comments?post=849"}],"version-history":[{"count":41,"href":"https:\/\/farbel.it\/fr\/wp-json\/wp\/v2\/pages\/849\/revisions"}],"predecessor-version":[{"id":25590,"href":"https:\/\/farbel.it\/fr\/wp-json\/wp\/v2\/pages\/849\/revisions\/25590"}],"wp:attachment":[{"href":"https:\/\/farbel.it\/fr\/wp-json\/wp\/v2\/media?parent=849"}],"curies":[{"name":"wp","href":"https:\/\/api.w.org\/{rel}","templated":true}]}}