{"id":580,"date":"2018-12-13T12:20:02","date_gmt":"2018-12-13T12:20:02","guid":{"rendered":"http:\/\/democontent.codex-themes.com\/sites-wpb-v5\/photography-studio\/?page_id=580"},"modified":"2025-02-03T10:19:00","modified_gmt":"2025-02-03T10:19:00","slug":"contatti","status":"publish","type":"page","link":"https:\/\/farbel.it\/fr\/contatti\/","title":{"rendered":"Contacts"},"content":{"rendered":"<div class=\"wpb-content-wrapper\"><div id=\"vc_row-69f287cf39e27\" class=\"vc_row wpb_row vc_row-fluid vc_custom_1544704816242 thegem-custom-69f287cf39dc25960\"><div class=\"wpb_column vc_column_container vc_col-sm-12 thegem-custom-69f287cf3a58a5069\" ><div class=\"vc_column-inner thegem-custom-inner-69f287cf3a58d\"><div class=\"wpb_wrapper thegem-custom-69f287cf3a58a5069\"><div class=\"vc_row wpb_row vc_inner vc_row-fluid thegem-custom-69f287cf3aedc6008 vc_row-o-equal-height vc_row-o-content-top vc_row-flex custom-inner-column-69f287cf3aee6\" ><div class=\"wpb_column vc_column_container vc_col-sm-12 vc_col-lg-4 vc_col-md-4 thegem-custom-69f287cf3b4473808\"><div class=\"vc_column-inner thegem-custom-inner-69f287cf3b44a\"><div class=\"wpb_wrapper thegem-custom-69f287cf3b4473808\"><div class=\"lazy-loading\" data-ll-item-delay=\"0\"><div class=\"gem-textbox  lazy-loading-item centered-box\"  data-ll-effect=\"move-up\" ><div class=\"gem-textbox-inner\" style=\"border: 1px solid #4a4a4a;\"><div class=\"gem-textbox-content\" style=\"background-position: center top;padding-top: 80px;padding-bottom: 60px;\"><div class=\"centered-box\"><div class=\"gem-icon gem-icon-pack-material gem-icon-size-small  gem-icon-shape-circle\"  style=\"border-color: #b1ac8b;opacity: 1;\"><div class=\"gem-icon-inner\" style=\"\"><span class=\"gem-icon-half-1\" style=\"color: #b1ac8b;\"><span class=\"back-angle\">\uf3e3<\/span><\/span><span class=\"gem-icon-half-2\" style=\"color: #b1ac8b;\"><span class=\"back-angle\">\uf3e3<\/span><\/span><\/div><\/div><\/div><div class=\"clearboth\"><\/div><style>#thegem-divider-69f287cf3b6bf {margin-top: 70px !important;}<\/style><div id=\"thegem-divider-69f287cf3b6bf\" class=\"gem-divider\" style=\"\" ><\/div>\r\n\t\r\n\t\t<div class=\"wpb_text_column wpb_content_element  thegem-vc-text thegem-custom-69f287cf3ba181843\"  >\r\n\t\t\t<div class=\"wpb_wrapper\">\r\n\t\t\t\t<div class=\"title-h5\" style=\"text-align: center;\"><span style=\"color: #e6e6e6;\">ADRESSE<\/span><\/div>\n\r\n\t\t\t<\/div>\r\n\t\t\t<style>@media screen and (max-width: 1023px) {.thegem-vc-text.thegem-custom-69f287cf3ba181843{display: block!important;}}@media screen and (max-width: 767px) {.thegem-vc-text.thegem-custom-69f287cf3ba181843{display: block!important;}}@media screen and (max-width: 1023px) {.thegem-vc-text.thegem-custom-69f287cf3ba181843{position: relative !important;}}@media screen and (max-width: 767px) {.thegem-vc-text.thegem-custom-69f287cf3ba181843{position: relative !important;}}<\/style>\r\n\t\t<\/div>\r\n\t\r\n<div class=\"clearboth\"><\/div><style>#thegem-divider-69f287cf3baf2 {margin-top: 20px !important;}<\/style><div id=\"thegem-divider-69f287cf3baf2\" class=\"gem-divider\" style=\"\" ><\/div>\r\n\t\r\n\t\t<div class=\"wpb_text_column wpb_content_element  thegem-vc-text thegem-custom-69f287cf3bbe46402\"  >\r\n\t\t\t<div class=\"wpb_wrapper\">\r\n\t\t\t\t<p style=\"text-align: center;\">Belotti srl<br \/>\nVia Consulaire 41<br \/>\n25030 Erbusco (BS) Italie<\/p>\n\r\n\t\t\t<\/div>\r\n\t\t\t<style>@media screen and (max-width: 1023px) {.thegem-vc-text.thegem-custom-69f287cf3bbe46402{display: block!important;}}@media screen and (max-width: 767px) {.thegem-vc-text.thegem-custom-69f287cf3bbe46402{display: block!important;}}@media screen and (max-width: 1023px) {.thegem-vc-text.thegem-custom-69f287cf3bbe46402{position: relative !important;}}@media screen and (max-width: 767px) {.thegem-vc-text.thegem-custom-69f287cf3bbe46402{position: relative !important;}}<\/style>\r\n\t\t<\/div>\r\n\t\r\n<\/div><\/div><\/div><\/div><\/div><\/div><\/div><div class=\"wpb_column vc_column_container vc_col-sm-12 vc_col-lg-4 vc_col-md-4 thegem-custom-69f287cf3be0a6180\"><div class=\"vc_column-inner thegem-custom-inner-69f287cf3be0c\"><div class=\"wpb_wrapper thegem-custom-69f287cf3be0a6180\"><div class=\"lazy-loading\" data-ll-item-delay=\"0\"><div class=\"gem-textbox  lazy-loading-item centered-box\"  data-ll-effect=\"move-up\" ><div class=\"gem-textbox-inner\" style=\"border: 1px solid #4a4a4a;\"><div class=\"gem-textbox-content\" style=\"background-position: center top;padding-top: 80px;padding-bottom: 60px;\"><div class=\"centered-box\"><div class=\"gem-icon gem-icon-pack-material gem-icon-size-small  gem-icon-shape-circle\"  style=\"border-color: #b1ac8b;opacity: 1;\"><div class=\"gem-icon-inner\" style=\"\"><span class=\"gem-icon-half-1\" style=\"color: #b1ac8b;\"><span class=\"back-angle\">\uf1f0<\/span><\/span><span class=\"gem-icon-half-2\" style=\"color: #b1ac8b;\"><span class=\"back-angle\">\uf1f0<\/span><\/span><\/div><\/div><\/div><div class=\"clearboth\"><\/div><style>#thegem-divider-69f287cf3bf64 {margin-top: 70px !important;}<\/style><div id=\"thegem-divider-69f287cf3bf64\" class=\"gem-divider\" style=\"\" ><\/div>\r\n\t\r\n\t\t<div class=\"wpb_text_column wpb_content_element  thegem-vc-text thegem-custom-69f287cf3c0556002\"  >\r\n\t\t\t<div class=\"wpb_wrapper\">\r\n\t\t\t\t<div class=\"title-h5\" style=\"text-align: center;\"><span style=\"color: #e6e6e6;\">CONTACT DIRECT<br \/>\n<\/span><\/div>\n\r\n\t\t\t<\/div>\r\n\t\t\t<style>@media screen and (max-width: 1023px) {.thegem-vc-text.thegem-custom-69f287cf3c0556002{display: block!important;}}@media screen and (max-width: 767px) {.thegem-vc-text.thegem-custom-69f287cf3c0556002{display: block!important;}}@media screen and (max-width: 1023px) {.thegem-vc-text.thegem-custom-69f287cf3c0556002{position: relative !important;}}@media screen and (max-width: 767px) {.thegem-vc-text.thegem-custom-69f287cf3c0556002{position: relative !important;}}<\/style>\r\n\t\t<\/div>\r\n\t\r\n<div class=\"clearboth\"><\/div><style>#thegem-divider-69f287cf3c0ed {margin-top: 20px !important;}<\/style><div id=\"thegem-divider-69f287cf3c0ed\" class=\"gem-divider\" style=\"\" ><\/div>\r\n\t\r\n\t\t<div class=\"wpb_text_column wpb_content_element  thegem-vc-text thegem-custom-69f287cf3c1b45979\"  >\r\n\t\t\t<div class=\"wpb_wrapper\">\r\n\t\t\t\t<p style=\"text-align: center;\">T\u00e9l. : +39 030 77 60 257<br \/>\nCourriel : commerciale@farbel.com<br \/>\nCourriel : amministrazione@farbel.com<\/p>\n\r\n\t\t\t<\/div>\r\n\t\t\t<style>@media screen and (max-width: 1023px) {.thegem-vc-text.thegem-custom-69f287cf3c1b45979{display: block!important;}}@media screen and (max-width: 767px) {.thegem-vc-text.thegem-custom-69f287cf3c1b45979{display: block!important;}}@media screen and (max-width: 1023px) {.thegem-vc-text.thegem-custom-69f287cf3c1b45979{position: relative !important;}}@media screen and (max-width: 767px) {.thegem-vc-text.thegem-custom-69f287cf3c1b45979{position: relative !important;}}<\/style>\r\n\t\t<\/div>\r\n\t\r\n<\/div><\/div><\/div><\/div><\/div><\/div><\/div><div class=\"wpb_column vc_column_container vc_col-sm-12 vc_col-lg-4 vc_col-md-4 thegem-custom-69f287cf3c3b11154\"><div class=\"vc_column-inner thegem-custom-inner-69f287cf3c3b3\"><div class=\"wpb_wrapper thegem-custom-69f287cf3c3b11154\"><div class=\"lazy-loading\" data-ll-item-delay=\"0\"><div class=\"gem-textbox  lazy-loading-item centered-box\"  data-ll-effect=\"move-up\" ><div class=\"gem-textbox-inner\" style=\"border: 1px solid #4a4a4a;\"><div class=\"gem-textbox-content\" style=\"background-position: center top;padding-top: 80px;padding-bottom: 60px;\"><div class=\"centered-box\"><div class=\"gem-icon gem-icon-pack-material gem-icon-size-small  gem-icon-shape-circle\"  style=\"border-color: #b1ac8b;opacity: 1;\"><div class=\"gem-icon-inner\" style=\"\"><span class=\"gem-icon-half-1\" style=\"color: #b1ac8b;\"><span class=\"back-angle\">\uf118<\/span><\/span><span class=\"gem-icon-half-2\" style=\"color: #b1ac8b;\"><span class=\"back-angle\">\uf118<\/span><\/span><\/div><\/div><\/div><div class=\"clearboth\"><\/div><style>#thegem-divider-69f287cf3c4fe {margin-top: 70px !important;}<\/style><div id=\"thegem-divider-69f287cf3c4fe\" class=\"gem-divider\" style=\"\" ><\/div>\r\n\t\r\n\t\t<div class=\"wpb_text_column wpb_content_element  thegem-vc-text thegem-custom-69f287cf3c5ea8140\"  >\r\n\t\t\t<div class=\"wpb_wrapper\">\r\n\t\t\t\t<div class=\"title-h5\" style=\"text-align: center;\"><span style=\"color: #e6e6e6;\">GRAPHIQUE PERSONNEL<br \/>\n<\/span><\/div>\n\r\n\t\t\t<\/div>\r\n\t\t\t<style>@media screen and (max-width: 1023px) {.thegem-vc-text.thegem-custom-69f287cf3c5ea8140{display: block!important;}}@media screen and (max-width: 767px) {.thegem-vc-text.thegem-custom-69f287cf3c5ea8140{display: block!important;}}@media screen and (max-width: 1023px) {.thegem-vc-text.thegem-custom-69f287cf3c5ea8140{position: relative !important;}}@media screen and (max-width: 767px) {.thegem-vc-text.thegem-custom-69f287cf3c5ea8140{position: relative !important;}}<\/style>\r\n\t\t<\/div>\r\n\t\r\n<div class=\"clearboth\"><\/div><style>#thegem-divider-69f287cf3c67d {margin-top: 20px !important;}<\/style><div id=\"thegem-divider-69f287cf3c67d\" class=\"gem-divider\" style=\"\" ><\/div>\r\n\t\r\n\t\t<div class=\"wpb_text_column wpb_content_element  thegem-vc-text thegem-custom-69f287cf3c7533108\"  >\r\n\t\t\t<div class=\"wpb_wrapper\">\r\n\t\t\t\t<p style=\"text-align: center;\">CF et soci\u00e9t\u00e9s enregistr\u00e9es 00896050176<br \/>\nPI 00586190985<br \/>\nREA 218151 Chambre de Commerce de Brescia<\/p>\n\r\n\t\t\t<\/div>\r\n\t\t\t<style>@media screen and (max-width: 1023px) {.thegem-vc-text.thegem-custom-69f287cf3c7533108{display: block!important;}}@media screen and (max-width: 767px) {.thegem-vc-text.thegem-custom-69f287cf3c7533108{display: block!important;}}@media screen and (max-width: 1023px) {.thegem-vc-text.thegem-custom-69f287cf3c7533108{position: relative !important;}}@media screen and (max-width: 767px) {.thegem-vc-text.thegem-custom-69f287cf3c7533108{position: relative !important;}}<\/style>\r\n\t\t<\/div>\r\n\t\r\n<\/div><\/div><\/div><\/div><\/div><\/div><\/div><\/div><\/div><\/div><\/div><\/div><div class=\"vc_row-full-width-before\"><\/div><div id=\"vc_row-69f287cf3caaf\" data-vc-full-width=\"true\" data-vc-full-width-init=\"false\" class=\"vc_row wpb_row vc_row-fluid vc_custom_1544704852590 thegem-custom-69f287cf3ca961505 vc_row-has-fill\"><script type=\"text\/javascript\">if (typeof(gem_fix_fullwidth_position) == \"function\") { gem_fix_fullwidth_position(document.getElementById(\"vc_row-69f287cf3caaf\")); }<\/script><div class=\"wpb_column vc_column_container vc_col-sm-12 thegem-custom-69f287cf3cd0b4911\" ><div class=\"vc_column-inner thegem-custom-inner-69f287cf3cd0e\"><div class=\"wpb_wrapper thegem-custom-69f287cf3cd0b4911\"><div class=\"centered-box\"><div class=\"gem-icon gem-icon-pack-material gem-icon-size-small  gem-icon-shape-circle\"  style=\"border-color: #b1ac8b;opacity: 1;\"><div class=\"gem-icon-inner\" style=\"\"><span class=\"gem-icon-half-1\" style=\"color: #b1ac8b;\"><span class=\"back-angle\">\uf1ab<\/span><\/span><span class=\"gem-icon-half-2\" style=\"color: #b1ac8b;\"><span class=\"back-angle\">\uf1ab<\/span><\/span><\/div><\/div><\/div><div class=\"clearboth\"><\/div><style>#thegem-divider-69f287cf3ce8a {margin-top: 50px !important;}<\/style><div id=\"thegem-divider-69f287cf3ce8a\" class=\"gem-divider\" style=\"\" ><\/div>\r\n\t\r\n\t\t<div class=\"wpb_text_column wpb_content_element  wpb_animate_when_almost_visible wpb_bottom-to-top bottom-to-top thegem-vc-text thegem-custom-69f287cf3cf869943\"  >\r\n\t\t\t<div class=\"wpb_wrapper\">\r\n\t\t\t\t<div class=\"styled-subtitle\" style=\"text-align: center;\"><span style=\"color: #b3ae8d;\">Avez-vous des questions ? Remplissez le formulaire et l&#039;un de nos op\u00e9rateurs vous r\u00e9pondra dans les plus brefs d\u00e9lais.<br \/>\n<\/span><\/div>\n\r\n\t\t\t<\/div>\r\n\t\t\t<style>@media screen and (max-width: 1023px) {.thegem-vc-text.thegem-custom-69f287cf3cf869943{display: block!important;}}@media screen and (max-width: 767px) {.thegem-vc-text.thegem-custom-69f287cf3cf869943{display: block!important;}}@media screen and (max-width: 1023px) {.thegem-vc-text.thegem-custom-69f287cf3cf869943{position: relative !important;}}@media screen and (max-width: 767px) {.thegem-vc-text.thegem-custom-69f287cf3cf869943{position: relative !important;}}<\/style>\r\n\t\t<\/div>\r\n\t\r\n<div class=\"clearboth\"><\/div><style>#thegem-divider-69f287cf3d035 {margin-top: 20px !important;}<\/style><div id=\"thegem-divider-69f287cf3d035\" class=\"gem-divider\" style=\"\" ><\/div>\r\n\t\r\n\t\t<div class=\"wpb_text_column wpb_content_element  wpb_animate_when_almost_visible wpb_bottom-to-top bottom-to-top thegem-vc-text thegem-custom-69f287cf3d1067085\"  >\r\n\t\t\t<div class=\"wpb_wrapper\">\r\n\t\t\t\t<div class=\"title-h1\" style=\"text-align: center;\"><span class=\"light\" style=\"color: #cccccc;\">Envoyez votre demande<br \/>\n<\/span><\/div>\n\r\n\t\t\t<\/div>\r\n\t\t\t<style>@media screen and (max-width: 1023px) {.thegem-vc-text.thegem-custom-69f287cf3d1067085{display: block!important;}}@media screen and (max-width: 767px) {.thegem-vc-text.thegem-custom-69f287cf3d1067085{display: block!important;}}@media screen and (max-width: 1023px) {.thegem-vc-text.thegem-custom-69f287cf3d1067085{position: relative !important;}}@media screen and (max-width: 767px) {.thegem-vc-text.thegem-custom-69f287cf3d1067085{position: relative !important;}}<\/style>\r\n\t\t<\/div>\r\n\t\r\n\n<div class=\"wpcf7 no-js\" id=\"wpcf7-f25437-o1\" lang=\"it-IT\" dir=\"ltr\" data-wpcf7-id=\"25437\">\n<div class=\"screen-reader-response\"><p role=\"status\" aria-live=\"polite\" aria-atomic=\"true\"><\/p> <ul><\/ul><\/div>\n<form action=\"\/fr\/wp-json\/wp\/v2\/pages\/580#wpcf7-f25437-o1\" method=\"post\" class=\"wpcf7-form init gem-contact-form-white gem-contact-form-simple-line\" aria-label=\"Modulo di contatto\" novalidate=\"novalidate\" data-status=\"init\" data-trp-original-action=\"\/fr\/wp-json\/wp\/v2\/pages\/580#wpcf7-f25437-o1\">\n<div style=\"display: none;\">\n<input type=\"hidden\" name=\"_wpcf7\" value=\"25437\" \/>\n<input type=\"hidden\" name=\"_wpcf7_version\" value=\"6.0\" \/>\n<input type=\"hidden\" name=\"_wpcf7_locale\" value=\"it_IT\" \/>\n<input type=\"hidden\" name=\"_wpcf7_unit_tag\" value=\"wpcf7-f25437-o1\" \/>\n<input type=\"hidden\" name=\"_wpcf7_container_post\" value=\"0\" \/>\n<input type=\"hidden\" name=\"_wpcf7_posted_data_hash\" value=\"\" \/>\n<\/div>\n<label> Votre nom\n    <span class=\"wpcf7-form-control-wrap\" data-name=\"your-name\"><input size=\"40\" maxlength=\"400\" class=\"wpcf7-form-control wpcf7-text wpcf7-validates-as-required\" autocomplete=\"name\" aria-required=\"true\" aria-invalid=\"false\" value=\"\" type=\"text\" name=\"your-name\" \/><\/span> <\/label>\n\n<label> Votre email\n    <span class=\"wpcf7-form-control-wrap\" data-name=\"your-email\"><input size=\"40\" maxlength=\"400\" class=\"wpcf7-form-control wpcf7-email wpcf7-validates-as-required wpcf7-text wpcf7-validates-as-email\" autocomplete=\"email\" aria-required=\"true\" aria-invalid=\"false\" value=\"\" type=\"email\" name=\"your-email\" \/><\/span> <\/label>\n\n<label> Objet\n    <span class=\"wpcf7-form-control-wrap\" data-name=\"your-subject\"><input size=\"40\" maxlength=\"400\" class=\"wpcf7-form-control wpcf7-text wpcf7-validates-as-required\" aria-required=\"true\" aria-invalid=\"false\" value=\"\" type=\"text\" name=\"your-subject\" \/><\/span> <\/label>\n\n<label> Votre message (facultatif)\n    <span class=\"wpcf7-form-control-wrap\" data-name=\"your-message\"><textarea cols=\"40\" rows=\"10\" maxlength=\"2000\" class=\"wpcf7-form-control wpcf7-textarea\" aria-invalid=\"false\" name=\"your-message\"><\/textarea><\/span> <\/label>\n<span class=\"wpcf7-form-control-wrap\" data-name=\"acceptance-908\"><span class=\"wpcf7-form-control wpcf7-acceptance\"><span class=\"wpcf7-list-item\"><label><input type=\"checkbox\" name=\"acceptance-908\" value=\"1\" aria-invalid=\"false\" \/><span class=\"wpcf7-list-item-label\">J&#039;accepte les conditions indiqu\u00e9es dans la politique de confidentialit\u00e9<\/span><\/label><\/span><\/span><\/span>\n<style type=\"text\/css\">.thegem-button-69f287cf40feb4469 .gem-button svg {fill: #797979;}.thegem-button-69f287cf40feb4469 .gem-button:hover svg {fill: #ffffff;}<\/style><div class=\"gem-button-container gem-button-position-center thegem-button-69f287cf40feb4469\"  ><input class=\"gem-button gem-button-size-medium gem-button-style-outline gem-button-text-weight-thin gem-button-border-1 wpcf7-form-control wpcf7-submit has-spinner gem-button-wpcf-custom\" data-ll-effect=\"drop-right-without-wrap\" style=\"border-radius: 0px;border-color: #797979;color: #797979;\" onmouseleave=\"this.style.borderColor='#797979';this.style.backgroundColor='transparent';this.style.color='#797979';\" onmouseenter=\"this.style.borderColor='#797979';this.style.backgroundColor='#797979';this.style.color='#ffffff';\" id=\"\" tabindex=\"\" type=\"submit\" value=\"Envoyer\" \/><\/div> <div class=\"wpcf7-response-output\" aria-hidden=\"true\"><\/div>\n<input type=\"hidden\" name=\"trp-form-language\" value=\"fr\"\/><\/form>\n<\/div>\n<div class=\"clearboth\"><\/div><style>#thegem-divider-69f287cf41c18 {margin-top: 90px !important;}<\/style><div id=\"thegem-divider-69f287cf41c18\" class=\"gem-divider\" style=\"\" ><\/div><\/div><\/div><\/div><\/div><div class=\"vc_row-full-width vc_clearfix\"><\/div>\n<\/div>","protected":false},"excerpt":{"rendered":"","protected":false},"author":1,"featured_media":0,"parent":0,"menu_order":0,"comment_status":"closed","ping_status":"open","template":"","meta":{"footnotes":""},"class_list":["post-580","page","type-page","status-publish"],"_links":{"self":[{"href":"https:\/\/farbel.it\/fr\/wp-json\/wp\/v2\/pages\/580","targetHints":{"allow":["GET"]}}],"collection":[{"href":"https:\/\/farbel.it\/fr\/wp-json\/wp\/v2\/pages"}],"about":[{"href":"https:\/\/farbel.it\/fr\/wp-json\/wp\/v2\/types\/page"}],"author":[{"embeddable":true,"href":"https:\/\/farbel.it\/fr\/wp-json\/wp\/v2\/users\/1"}],"replies":[{"embeddable":true,"href":"https:\/\/farbel.it\/fr\/wp-json\/wp\/v2\/comments?post=580"}],"version-history":[{"count":16,"href":"https:\/\/farbel.it\/fr\/wp-json\/wp\/v2\/pages\/580\/revisions"}],"predecessor-version":[{"id":25592,"href":"https:\/\/farbel.it\/fr\/wp-json\/wp\/v2\/pages\/580\/revisions\/25592"}],"wp:attachment":[{"href":"https:\/\/farbel.it\/fr\/wp-json\/wp\/v2\/media?parent=580"}],"curies":[{"name":"wp","href":"https:\/\/api.w.org\/{rel}","templated":true}]}}