{"id":44,"date":"2018-12-10T13:28:13","date_gmt":"2018-12-10T13:28:13","guid":{"rendered":"http:\/\/democontent.codex-themes.com\/sites-wpb-v5\/photography-studio\/?page_id=44"},"modified":"2024-11-26T16:47:57","modified_gmt":"2024-11-26T16:47:57","slug":"profilo-azienda","status":"publish","type":"page","link":"https:\/\/farbel.it\/fr\/profilo-azienda\/","title":{"rendered":"Profil de l&#039;entreprise"},"content":{"rendered":"<div class=\"wpb-content-wrapper\"><div id=\"vc_row-69f2758ee9006\" class=\"vc_row wpb_row vc_row-fluid vc_custom_1732541999046 thegem-custom-69f2758ee8fc2865 vc_column-gap-30\"><div class=\"wpb_column vc_column_container vc_col-sm-12 thegem-custom-69f2758ee95d69861\" ><div class=\"vc_column-inner thegem-custom-inner-69f2758ee95db\"><div class=\"wpb_wrapper thegem-custom-69f2758ee95d69861\">\r\n\t\r\n\t<div  class=\"wpb_single_image wpb_content_element vc_align_center  vc_custom_1732546728051\" >\r\n\t\t\r\n\t\t<figure class=\"wpb_wrapper vc_figure\">\r\n\t\t\t<div class=\"vc_single_image-wrapper   vc_box_border_grey\"><img class=\"vc_single_image-img\" src=\"https:\/\/farbel.it\/wp-content\/uploads\/2024\/11\/farbel-400x72.png\" width=\"400\" height=\"72\" alt=\"farbel\" title=\"farbel\" loading=\"lazy\" \/><\/div>\r\n\t\t<\/figure>\r\n\t<\/div>\r\n\t\r\n\r\n\t\r\n\t\t<div class=\"wpb_text_column wpb_content_element  wpb_animate_when_almost_visible wpb_bottom-to-top bottom-to-top thegem-vc-text thegem-custom-69f2758eea5dd3312\"  >\r\n\t\t\t<div class=\"wpb_wrapper\">\r\n\t\t\t\t<div class=\"styled-subtitle\" style=\"text-align: center;\"><span style=\"color: #b3ae8d;\">Notre entreprise<br \/>\n<\/span><\/div>\n\r\n\t\t\t<\/div>\r\n\t\t\t<style>@media screen and (max-width: 1023px) {.thegem-vc-text.thegem-custom-69f2758eea5dd3312{display: block!important;}}@media screen and (max-width: 767px) {.thegem-vc-text.thegem-custom-69f2758eea5dd3312{display: block!important;}}@media screen and (max-width: 1023px) {.thegem-vc-text.thegem-custom-69f2758eea5dd3312{position: relative !important;}}@media screen and (max-width: 767px) {.thegem-vc-text.thegem-custom-69f2758eea5dd3312{position: relative !important;}}<\/style>\r\n\t\t<\/div>\r\n\t\r\n<div class=\"clearboth\"><\/div><style>#thegem-divider-69f2758eea72f {margin-top: 50px !important;}<\/style><div id=\"thegem-divider-69f2758eea72f\" class=\"gem-divider\" style=\"\" ><\/div><div class=\"vc_row wpb_row vc_inner vc_row-fluid thegem-custom-69f2758eeab4b438 custom-inner-column-69f2758eeab5c\" ><div class=\"wpb_column vc_column_container vc_col-sm-6 thegem-custom-69f2758eeaf836077\"><div class=\"vc_column-inner thegem-custom-inner-69f2758eeaf87\"><div class=\"wpb_wrapper thegem-custom-69f2758eeaf836077\">\r\n\t\r\n\t\t<div class=\"wpb_text_column wpb_content_element  wpb_animate_when_almost_visible wpb_bottom-to-top bottom-to-top thegem-vc-text thegem-custom-69f2758eeb2909221\"  >\r\n\t\t\t<div class=\"wpb_wrapper\">\r\n\t\t\t\t<p><span style=\"color: #b8b8b8;\"><strong>FARBEL : L&#039;excellence du Made in Italy dans le monde de la fusion artistique<br \/>\n<\/strong><\/span><\/p>\n<p><span style=\"color: #b8b8b8;\">Fond\u00e9e en 1966, <strong>FARBEL<\/strong> est aujourd&#039;hui un pilier de l&#039;industrie italienne dans le secteur de la fonderie. Laiton, bronze, aluminium, cuivre et acier : tels sont les m\u00e9taux que nous fa\u00e7onnons chaque jour avec savoir-faire et passion dans notre entreprise.<\/span><\/p>\n<p><span style=\"color: #b8b8b8;\">Notre force r\u00e9side dans l&#039;union entre tradition et innovation : gr\u00e2ce \u00e0 des technologies de pointe, nous sommes en mesure de satisfaire des demandes sur mesure, de la petite s\u00e9rie \u00e0 la grande production \u00e0 l&#039;\u00e9chelle internationale.<\/span><\/p>\n\r\n\t\t\t<\/div>\r\n\t\t\t<style>@media screen and (max-width: 1023px) {.thegem-vc-text.thegem-custom-69f2758eeb2909221{display: block!important;}}@media screen and (max-width: 767px) {.thegem-vc-text.thegem-custom-69f2758eeb2909221{display: block!important;}}@media screen and (max-width: 1023px) {.thegem-vc-text.thegem-custom-69f2758eeb2909221{position: relative !important;}}@media screen and (max-width: 767px) {.thegem-vc-text.thegem-custom-69f2758eeb2909221{position: relative !important;}}<\/style>\r\n\t\t<\/div>\r\n\t\r\n<\/div><\/div><\/div><div class=\"wpb_column vc_column_container vc_col-sm-6 thegem-custom-69f2758eeb65a1211\"><div class=\"vc_column-inner thegem-custom-inner-69f2758eeb65e\"><div class=\"wpb_wrapper thegem-custom-69f2758eeb65a1211\">\r\n\t\r\n\t\t<div class=\"wpb_text_column wpb_content_element  thegem-vc-text thegem-custom-69f2758eeb9386189\"  >\r\n\t\t\t<div class=\"wpb_wrapper\">\r\n\t\t\t\t<p><span style=\"color: #b8b8b8;\">Aux commandes de cette aventure hors du commun se trouve le fondateur <strong>Giuseppe Belotti<\/strong>, un entrepreneur visionnaire qui a toujours recherch\u00e9 la perfection, la qualit\u00e9 et l&#039;\u00e9l\u00e9gance. Inspir\u00e9 par l&#039;art et les gloires de l&#039;histoire, Belotti a construit les bases solides de <strong>FARBEL<\/strong>, une entreprise qui porte fi\u00e8rement la marque \u00ab Made in Italy \u00bb aux quatre coins de la plan\u00e8te.<\/span><\/p>\n<p><span style=\"color: #b8b8b8;\">Notre objectif ? Redonner le prestige du \u00ab<strong>Fabriqu\u00e9 en Italie<\/strong>\u00bb le r\u00f4le qu&#039;elle m\u00e9rite, transformant chacune de nos cr\u00e9ations en un symbole d&#039;excellence, de style et de fiabilit\u00e9. <strong>FARBEL<\/strong> ce n&#039;est pas seulement une entreprise : c&#039;est un ambassadeur de la qualit\u00e9 italienne, reconnue et appr\u00e9ci\u00e9e dans le monde entier.<\/span><\/p>\n\r\n\t\t\t<\/div>\r\n\t\t\t<style>@media screen and (max-width: 1023px) {.thegem-vc-text.thegem-custom-69f2758eeb9386189{display: block!important;}}@media screen and (max-width: 767px) {.thegem-vc-text.thegem-custom-69f2758eeb9386189{display: block!important;}}@media screen and (max-width: 1023px) {.thegem-vc-text.thegem-custom-69f2758eeb9386189{position: relative !important;}}@media screen and (max-width: 767px) {.thegem-vc-text.thegem-custom-69f2758eeb9386189{position: relative !important;}}<\/style>\r\n\t\t<\/div>\r\n\t\r\n<\/div><\/div><\/div><\/div><\/div><\/div><\/div><\/div><div class=\"vc_row-full-width-before\"><\/div><div id=\"vc_row-69f2758eebe49\" data-vc-full-width=\"true\" data-vc-full-width-init=\"false\" data-vc-stretch-content=\"true\" class=\"vc_row wpb_row vc_row-fluid thegem-custom-69f2758eebe337620 vc_row-no-padding\"><script type=\"text\/javascript\">if (typeof(gem_fix_fullwidth_position) == \"function\") { gem_fix_fullwidth_position(document.getElementById(\"vc_row-69f2758eebe49\")); }<\/script><div class=\"wpb_column vc_column_container vc_col-sm-3 thegem-custom-69f2758eec2726563\" ><div class=\"vc_column-inner thegem-custom-inner-69f2758eec277\"><div class=\"wpb_wrapper thegem-custom-69f2758eec2726563\">\r\n\t\r\n\t<div  class=\"wpb_single_image wpb_content_element vc_align_center\" >\r\n\t\t\r\n\t\t<figure class=\"wpb_wrapper vc_figure\">\r\n\t\t\t<div class=\"vc_single_image-wrapper   vc_box_border_grey\"><img width=\"960\" height=\"820\" src=\"https:\/\/farbel.it\/wp-content\/uploads\/2024\/10\/storia-1.jpg\" class=\"vc_single_image-img attachment-full\" alt=\"\" title=\"histoire-1\" srcset=\"https:\/\/farbel.it\/wp-content\/uploads\/2024\/10\/storia-1.jpg 960w, https:\/\/farbel.it\/wp-content\/uploads\/2024\/10\/storia-1-300x256.jpg 300w, https:\/\/farbel.it\/wp-content\/uploads\/2024\/10\/storia-1-768x656.jpg 768w, https:\/\/farbel.it\/wp-content\/uploads\/2024\/10\/storia-1-600x513.jpg 600w\" sizes=\"(max-width: 960px) 100vw, 960px\" \/><\/div>\r\n\t\t<\/figure>\r\n\t<\/div>\r\n\t\r\n<\/div><\/div><\/div><div class=\"wpb_column vc_column_container vc_col-sm-3 thegem-custom-69f2758eecefe5142\" ><div class=\"vc_column-inner thegem-custom-inner-69f2758eecf04\"><div class=\"wpb_wrapper thegem-custom-69f2758eecefe5142\">\r\n\t\r\n\t<div  class=\"wpb_single_image wpb_content_element vc_align_center\" >\r\n\t\t\r\n\t\t<figure class=\"wpb_wrapper vc_figure\">\r\n\t\t\t<div class=\"vc_single_image-wrapper   vc_box_border_grey\"><img width=\"960\" height=\"820\" src=\"https:\/\/farbel.it\/wp-content\/uploads\/2024\/10\/storia-4.jpg\" class=\"vc_single_image-img attachment-full\" alt=\"\" title=\"histoire-4\" srcset=\"https:\/\/farbel.it\/wp-content\/uploads\/2024\/10\/storia-4.jpg 960w, https:\/\/farbel.it\/wp-content\/uploads\/2024\/10\/storia-4-300x256.jpg 300w, https:\/\/farbel.it\/wp-content\/uploads\/2024\/10\/storia-4-768x656.jpg 768w, https:\/\/farbel.it\/wp-content\/uploads\/2024\/10\/storia-4-600x513.jpg 600w\" sizes=\"(max-width: 960px) 100vw, 960px\" \/><\/div>\r\n\t\t<\/figure>\r\n\t<\/div>\r\n\t\r\n<\/div><\/div><\/div><div class=\"wpb_column vc_column_container vc_col-sm-3 thegem-custom-69f2758eedaa16154\" ><div class=\"vc_column-inner thegem-custom-inner-69f2758eedaa6\"><div class=\"wpb_wrapper thegem-custom-69f2758eedaa16154\">\r\n\t\r\n\t<div  class=\"wpb_single_image wpb_content_element vc_align_center\" >\r\n\t\t\r\n\t\t<figure class=\"wpb_wrapper vc_figure\">\r\n\t\t\t<div class=\"vc_single_image-wrapper   vc_box_border_grey\"><img width=\"960\" height=\"820\" src=\"https:\/\/farbel.it\/wp-content\/uploads\/2024\/11\/farbel3.jpg\" class=\"vc_single_image-img attachment-full\" alt=\"\" title=\"farbel3\" srcset=\"https:\/\/farbel.it\/wp-content\/uploads\/2024\/11\/farbel3.jpg 960w, https:\/\/farbel.it\/wp-content\/uploads\/2024\/11\/farbel3-300x256.jpg 300w, https:\/\/farbel.it\/wp-content\/uploads\/2024\/11\/farbel3-768x656.jpg 768w, https:\/\/farbel.it\/wp-content\/uploads\/2024\/11\/farbel3-600x513.jpg 600w\" sizes=\"(max-width: 960px) 100vw, 960px\" \/><\/div>\r\n\t\t<\/figure>\r\n\t<\/div>\r\n\t\r\n<\/div><\/div><\/div><div class=\"wpb_column vc_column_container vc_col-sm-3 thegem-custom-69f2758eee5f46029\" ><div class=\"vc_column-inner thegem-custom-inner-69f2758eee5f9\"><div class=\"wpb_wrapper thegem-custom-69f2758eee5f46029\">\r\n\t\r\n\t<div  class=\"wpb_single_image wpb_content_element vc_align_center\" >\r\n\t\t\r\n\t\t<figure class=\"wpb_wrapper vc_figure\">\r\n\t\t\t<div class=\"vc_single_image-wrapper   vc_box_border_grey\"><img width=\"960\" height=\"820\" src=\"https:\/\/farbel.it\/wp-content\/uploads\/2024\/11\/farbel4.jpg\" class=\"vc_single_image-img attachment-full\" alt=\"\" title=\"farbel4\" srcset=\"https:\/\/farbel.it\/wp-content\/uploads\/2024\/11\/farbel4.jpg 960w, https:\/\/farbel.it\/wp-content\/uploads\/2024\/11\/farbel4-300x256.jpg 300w, https:\/\/farbel.it\/wp-content\/uploads\/2024\/11\/farbel4-768x656.jpg 768w\" sizes=\"(max-width: 960px) 100vw, 960px\" \/><\/div>\r\n\t\t<\/figure>\r\n\t<\/div>\r\n\t\r\n<\/div><\/div><\/div><\/div><div class=\"vc_row-full-width vc_clearfix\"><\/div><div id=\"vc_row-69f2758eef25f\" class=\"vc_row wpb_row vc_row-fluid vc_custom_1732541999046 thegem-custom-69f2758eef23e1408 vc_column-gap-30\"><div class=\"wpb_column vc_column_container vc_col-sm-12 thegem-custom-69f2758eef6d32778\" ><div class=\"vc_column-inner thegem-custom-inner-69f2758eef6d8\"><div class=\"wpb_wrapper thegem-custom-69f2758eef6d32778\">\r\n\t\r\n\t\t<div class=\"wpb_text_column wpb_content_element  wpb_animate_when_almost_visible wpb_bottom-to-top bottom-to-top thegem-vc-text thegem-custom-69f2758eefae11485\"  >\r\n\t\t\t<div class=\"wpb_wrapper\">\r\n\t\t\t\t<div class=\"styled-subtitle\" style=\"text-align: center;\"><span style=\"color: #b3ae8d;\">Avec FARBEL, la fusion artistique devient une forme d&#039;art<br \/>\nen constante \u00e9volution, <strong><em>pr\u00eat \u00e0 laisser sa marque au fil du temps et du style<\/em><\/strong>.<br \/>\n<\/span><\/div>\n\r\n\t\t\t<\/div>\r\n\t\t\t<style>@media screen and (max-width: 1023px) {.thegem-vc-text.thegem-custom-69f2758eefae11485{display: block!important;}}@media screen and (max-width: 767px) {.thegem-vc-text.thegem-custom-69f2758eefae11485{display: block!important;}}@media screen and (max-width: 1023px) {.thegem-vc-text.thegem-custom-69f2758eefae11485{position: relative !important;}}@media screen and (max-width: 767px) {.thegem-vc-text.thegem-custom-69f2758eefae11485{position: relative !important;}}<\/style>\r\n\t\t<\/div>\r\n\t\r\n<div class=\"clearboth\"><\/div><style>#thegem-divider-69f2758eefc06 {margin-top: 50px !important;}<\/style><div id=\"thegem-divider-69f2758eefc06\" class=\"gem-divider\" style=\"\" ><\/div><div class=\"vc_row wpb_row vc_inner vc_row-fluid thegem-custom-69f2758eefeb97631 custom-inner-column-69f2758eefec8\" ><div class=\"wpb_column vc_column_container vc_col-sm-12 thegem-custom-69f2758ef02405740\"><div class=\"vc_column-inner thegem-custom-inner-69f2758ef0244\"><div class=\"wpb_wrapper thegem-custom-69f2758ef02405740\">\r\n\t\r\n\t\t<div class=\"wpb_text_column wpb_content_element  thegem-vc-text thegem-custom-69f2758ef05087870\"  >\r\n\t\t\t<div class=\"wpb_wrapper\">\r\n\t\t\t\t<p style=\"text-align: center;\"><span style=\"color: #b8b8b8;\">La fusion artistique est l&#039;\u00e2me de notre production, un processus qui allie tradition et innovation pour donner vie \u00e0 des \u0153uvres intemporelles. Chaque pi\u00e8ce na\u00eet d&#039;une id\u00e9e, d&#039;un dessin ou d&#039;un mod\u00e8le qui prend forme gr\u00e2ce \u00e0 des mains expertes et des technologies de pointe.<\/span><\/p>\n<p style=\"text-align: center;\"><span style=\"color: #b8b8b8;\">Pour nous, la fusion artistique n&#039;est pas seulement une technique, mais un langage \u00e0 travers lequel exprimer la culture, la cr\u00e9ativit\u00e9 et le prestige du Made in Italy. Chaque \u0153uvre de FARBEL est un hommage \u00e0 l&#039;art, capable d&#039;\u00e9clairer les environnements et d&#039;apporter une touche d&#039;exclusivit\u00e9 \u00e0 chaque espace.<\/span><\/p>\n<p style=\"text-align: center;\"><span style=\"color: #b8b8b8;\">Avec FARBEL, la fusion artistique devient une forme d&#039;art en constante \u00e9volution, pr\u00eate \u00e0 laisser sa marque au fil du temps et du style.<\/span><\/p>\n\r\n\t\t\t<\/div>\r\n\t\t\t<style>@media screen and (max-width: 1023px) {.thegem-vc-text.thegem-custom-69f2758ef05087870{display: block!important;}}@media screen and (max-width: 767px) {.thegem-vc-text.thegem-custom-69f2758ef05087870{display: block!important;}}@media screen and (max-width: 1023px) {.thegem-vc-text.thegem-custom-69f2758ef05087870{position: relative !important;}}@media screen and (max-width: 767px) {.thegem-vc-text.thegem-custom-69f2758ef05087870{position: relative !important;}}<\/style>\r\n\t\t<\/div>\r\n\t\r\n<\/div><\/div><\/div><\/div><\/div><\/div><\/div><\/div>\n<\/div>","protected":false},"excerpt":{"rendered":"","protected":false},"author":1,"featured_media":0,"parent":0,"menu_order":0,"comment_status":"closed","ping_status":"open","template":"","meta":{"footnotes":""},"class_list":["post-44","page","type-page","status-publish"],"_links":{"self":[{"href":"https:\/\/farbel.it\/fr\/wp-json\/wp\/v2\/pages\/44","targetHints":{"allow":["GET"]}}],"collection":[{"href":"https:\/\/farbel.it\/fr\/wp-json\/wp\/v2\/pages"}],"about":[{"href":"https:\/\/farbel.it\/fr\/wp-json\/wp\/v2\/types\/page"}],"author":[{"embeddable":true,"href":"https:\/\/farbel.it\/fr\/wp-json\/wp\/v2\/users\/1"}],"replies":[{"embeddable":true,"href":"https:\/\/farbel.it\/fr\/wp-json\/wp\/v2\/comments?post=44"}],"version-history":[{"count":54,"href":"https:\/\/farbel.it\/fr\/wp-json\/wp\/v2\/pages\/44\/revisions"}],"predecessor-version":[{"id":25588,"href":"https:\/\/farbel.it\/fr\/wp-json\/wp\/v2\/pages\/44\/revisions\/25588"}],"wp:attachment":[{"href":"https:\/\/farbel.it\/fr\/wp-json\/wp\/v2\/media?parent=44"}],"curies":[{"name":"wp","href":"https:\/\/api.w.org\/{rel}","templated":true}]}}