{"id":25581,"date":"2015-12-16T14:39:25","date_gmt":"2015-12-16T14:39:25","guid":{"rendered":"http:\/\/democontent.codex-themes.com\/thegem-creative-shop\/?p=13027"},"modified":"2024-11-25T17:57:57","modified_gmt":"2024-11-25T17:57:57","slug":"cookie-policy-eu","status":"publish","type":"page","link":"https:\/\/farbel.it\/fr\/cookie-policy-eu\/","title":{"rendered":"Politique en mati\u00e8re de cookies (UE)"},"content":{"rendered":"<!-- Legal document generated by Complianz | GDPR\/CCPA Cookie Consent https:\/\/wordpress.org\/plugins\/complianz-gdpr -->\n<div id=\"cmplz-document\" class=\"cmplz-document cookie-statement cmplz-document-eu\"><p><i>This Cookie Policy was last updated on novembre 25, 2024 and applies to citizens and legal permanent residents of the European Economic Area and Switzerland.<\/i><br><\/p><h2>1.Introduction<\/h2><p>Notre site Internet, <a href=\"https:\/\/farbel.it\/fr\">https:\/\/farbel.it\/fr<\/a> (ci-apr\u00e8s : \u00ab le site Internet \u00bb) utilise des cookies et d&#039;autres technologies associ\u00e9es (pour plus de commodit\u00e9, toutes les technologies sont appel\u00e9es \u00ab cookies \u00bb). Des cookies sont \u00e9galement plac\u00e9s par des tiers que nous avons engag\u00e9s. Dans le document ci-dessous, nous vous informons de l&#039;utilisation de cookies sur notre site Internet.<\/p><h2>2. Que sont les cookies ?<\/h2><p>Un cookie est un petit fichier simple envoy\u00e9 avec les pages de ce site Web et stock\u00e9 par votre navigateur sur le disque dur de votre ordinateur ou d&#039;un autre appareil. Les informations qui y sont stock\u00e9es pourront \u00eatre restitu\u00e9es \u00e0 nos serveurs ou aux serveurs des tiers concern\u00e9s lors d&#039;une visite ult\u00e9rieure.<\/p><h2>3. Que sont les scripts ?<\/h2><p>Un script est un morceau de code de programme utilis\u00e9 pour faire fonctionner notre site Web correctement et de mani\u00e8re interactive. Ce code est ex\u00e9cut\u00e9 sur notre serveur ou sur votre appareil.<\/p><h2>4. Qu&#039;est-ce qu&#039;une balise Web ?<\/h2><p>Une balise Web (ou une balise pixel) est un petit morceau de texte ou d&#039;image invisible sur un site Web utilis\u00e9 pour surveiller le trafic sur un site Web. Pour ce faire, diverses donn\u00e9es vous concernant sont stock\u00e9es \u00e0 l&#039;aide de balises Web.<\/p><h2>5. Cookies<\/h2><p class=\"cmplz-subtitle\">5.1 Cookies techniques ou fonctionnels<\/p><p>Certains cookies garantissent que certaines parties du site Web fonctionnent correctement et que vos pr\u00e9f\u00e9rences d&#039;utilisateur restent connues. En pla\u00e7ant des cookies fonctionnels, nous vous facilitons la visite de notre site Web. De cette fa\u00e7on, vous n&#039;avez pas besoin de saisir plusieurs fois les m\u00eames informations lorsque vous visitez notre site Internet et, par exemple, les articles restent dans votre panier jusqu&#039;\u00e0 ce que vous ayez pay\u00e9. Nous pouvons placer ces cookies sans votre consentement.<\/p><p class=\"cmplz-subtitle\">5.2 Cookies de statistiques<\/p><p>Nous utilisons des cookies statistiques pour optimiser l&#039;exp\u00e9rience du site Web pour nos utilisateurs. Gr\u00e2ce \u00e0 ces cookies statistiques, nous obtenons des informations sur l&#039;utilisation de notre site Web. Nous demandons votre autorisation pour placer des cookies statistiques.<\/p><p class=\"cmplz-subtitle\">5.3 Cookies de marketing\/suivi<\/p><p>Les cookies de marketing\/suivi sont des cookies ou toute autre forme de stockage local, utilis\u00e9s pour cr\u00e9er des profils d&#039;utilisateur afin d&#039;afficher de la publicit\u00e9 ou pour suivre l&#039;utilisateur sur ce site Web ou sur plusieurs sites Web \u00e0 des fins de marketing similaires.<\/p><h2>6. Cookies plac\u00e9s<\/h2><div id=\"cmplz-cookies-overview\"><details class=\"cmplz-dropdown cmplz-service-desc cmplz-dropdown-cookiepolicy\">\n\t<summary class=\"cmplz-service-header\"><div>\n\t\t<h3>WooCommerce<\/h3>\n\t\t<p>Fonctionnel<\/p>\n\t\t<label for=\"cmplz_service_woocommerce\" class=\"cmplz_consent_per_service_label\"><span class=\"screen-reader-text\">Consentement au service woocommerce<\/span><\/label>\n\t\t<input type=\"checkbox\" id=\"cmplz_service_woocommerce\" class=\"cmplz-accept-service cmplz-hidden\" data-service=\"woocommerce\" data-category=\"functional\"><\/div>\n\t<\/summary>\n\t<div class=\"cmplz-service-description\">\n\t\t<h4>Usage<\/h4>\n\t\t<p>We use WooCommerce for la gestion de boutique en ligne. <a target=\"_blank\" rel=\"noopener noreferrer nofollow\" href=\"https:\/\/cookiedatabase.org\/service\/woocommerce\/\">Read more<\/a><\/p>\n\t<\/div>\n\t<div class=\"cmplz-sharing-data\">\n\t\t<h4>Sharing data<\/h4>\n\t\t<p>This data is not shared with third parties.<\/p>\n\t<\/div>\n\t<div class=\"cookies-per-purpose\">\n    <div class=\"purpose\"><h4>Fonctionnel<\/h4><\/div>\n    <div class=\"name-header\">\n\t<h5>Nom<\/h5>\n<\/div>\n<div class=\"name\"><a target=\"_blank\" rel=\"noopener noreferrer nofollow\" href=\"https:\/\/cookiedatabase.org\/cookie\/woocommerce\/wc_cart_hash_\/\">wc_cart_hash_*<\/a><\/div>\n<div class=\"retention-header\">\n\t<h5>Expiration<\/h5>\n<\/div>\n<div class=\"retention\">session<\/div>\n<div class=\"function-header\">\n\t<h5>Function<\/h5>\n<\/div>\n<div class=\"function\">Stocker les articles dans le panier de la boutique<\/div>\n\n<\/div>\n<\/details>\n<details class=\"cmplz-dropdown cmplz-service-desc cmplz-dropdown-cookiepolicy\">\n\t<summary class=\"cmplz-service-header\"><div>\n\t\t<h3>WordPress<\/h3>\n\t\t<p>Fonctionnel<\/p>\n\t\t<label for=\"cmplz_service_wordpress\" class=\"cmplz_consent_per_service_label\"><span class=\"screen-reader-text\">Consentement au service WordPress<\/span><\/label>\n\t\t<input type=\"checkbox\" id=\"cmplz_service_wordpress\" class=\"cmplz-accept-service cmplz-hidden\" data-service=\"wordpress\" data-category=\"functional\"><\/div>\n\t<\/summary>\n\t<div class=\"cmplz-service-description\">\n\t\t<h4>Usage<\/h4>\n\t\t<p>We use WordPress for le d\u00e9veloppement du site web. <a target=\"_blank\" rel=\"noopener noreferrer nofollow\" href=\"https:\/\/cookiedatabase.org\/service\/wordpress\/\">Read more<\/a><\/p>\n\t<\/div>\n\t<div class=\"cmplz-sharing-data\">\n\t\t<h4>Sharing data<\/h4>\n\t\t<p>This data is not shared with third parties.<\/p>\n\t<\/div>\n\t<div class=\"cookies-per-purpose\">\n    <div class=\"purpose\"><h4>Fonctionnel<\/h4><\/div>\n    <div class=\"name-header\">\n\t<h5>Nom<\/h5>\n<\/div>\n<div class=\"name\"><a target=\"_blank\" rel=\"noopener noreferrer nofollow\" href=\"https:\/\/cookiedatabase.org\/cookie\/wordpress\/wpemojisettingssupports\/\">wpEmojiSettingsSupports<\/a><\/div>\n<div class=\"retention-header\">\n\t<h5>Expiration<\/h5>\n<\/div>\n<div class=\"retention\">session<\/div>\n<div class=\"function-header\">\n\t<h5>Function<\/h5>\n<\/div>\n<div class=\"function\">Stocker les informations du navigateur<\/div>\n<div class=\"name-header\">\n\t<h5>Nom<\/h5>\n<\/div>\n<div class=\"name\"><a target=\"_blank\" rel=\"noopener noreferrer nofollow\" href=\"https:\/\/cookiedatabase.org\/cookie\/wordpress\/wordpress_test_cookie\/\">cookie_de_test_wordpress<\/a><\/div>\n<div class=\"retention-header\">\n\t<h5>Expiration<\/h5>\n<\/div>\n<div class=\"retention\">session<\/div>\n<div class=\"function-header\">\n\t<h5>Function<\/h5>\n<\/div>\n<div class=\"function\">V\u00e9rifier si des cookies peuvent \u00eatre plac\u00e9s<\/div>\n<div class=\"name-header\">\n\t<h5>Nom<\/h5>\n<\/div>\n<div class=\"name\"><a target=\"_blank\" rel=\"noopener noreferrer nofollow\" href=\"https:\/\/cookiedatabase.org\/cookie\/wordpress\/wp-settings\/\">param\u00e8tres-wp-*<\/a><\/div>\n<div class=\"retention-header\">\n\t<h5>Expiration<\/h5>\n<\/div>\n<div class=\"retention\">persistant<\/div>\n<div class=\"function-header\">\n\t<h5>Function<\/h5>\n<\/div>\n<div class=\"function\">Faites le plein de pr\u00e9f\u00e9rences utilisateur<\/div>\n<div class=\"name-header\">\n\t<h5>Nom<\/h5>\n<\/div>\n<div class=\"name\"><a target=\"_blank\" rel=\"noopener noreferrer nofollow\" href=\"https:\/\/cookiedatabase.org\/cookie\/wordpress\/wp-settings-time\/\">wp-settings-heure-*<\/a><\/div>\n<div class=\"retention-header\">\n\t<h5>Expiration<\/h5>\n<\/div>\n<div class=\"retention\">1 an<\/div>\n<div class=\"function-header\">\n\t<h5>Function<\/h5>\n<\/div>\n<div class=\"function\">Faites le plein de pr\u00e9f\u00e9rences utilisateur<\/div>\n<div class=\"name-header\">\n\t<h5>Nom<\/h5>\n<\/div>\n<div class=\"name\"><a target=\"_blank\" rel=\"noopener noreferrer nofollow\" href=\"https:\/\/cookiedatabase.org\/cookie\/wordpress\/wordpress_logged_in_\/\">wordpress_connect\u00e9_*<\/a><\/div>\n<div class=\"retention-header\">\n\t<h5>Expiration<\/h5>\n<\/div>\n<div class=\"retention\">persistant<\/div>\n<div class=\"function-header\">\n\t<h5>Function<\/h5>\n<\/div>\n<div class=\"function\">Prot\u00e9gez les utilisateurs connect\u00e9s<\/div>\n\n<\/div>\n<\/details>\n<details class=\"cmplz-dropdown cmplz-service-desc cmplz-dropdown-cookiepolicy\">\n\t<summary class=\"cmplz-service-header\"><div>\n\t\t<h3>Polices Google<\/h3>\n\t\t<p>Purpose pending investigation<\/p>\n\t\t<label for=\"cmplz_service_google-fonts\" class=\"cmplz_consent_per_service_label\"><span class=\"screen-reader-text\">Consentement au service des polices Google<\/span><\/label>\n\t\t<input type=\"checkbox\" id=\"cmplz_service_google-fonts\" class=\"cmplz-accept-service cmplz-hidden\" data-service=\"google-fonts\" data-category=\"functional\"><\/div>\n\t<\/summary>\n\t<div class=\"cmplz-service-description\">\n\t\t<h4>Usage<\/h4>\n\t\t<p>We use Google Fonts for l\u2019affichage des polices web. <a target=\"_blank\" rel=\"noopener noreferrer nofollow\" href=\"https:\/\/cookiedatabase.org\/service\/google-fonts\/\">Read more<\/a><\/p>\n\t<\/div>\n\t<div class=\"cmplz-sharing-data\">\n\t\t<h4>Sharing data<\/h4>\n\t\t<p>For more information, please read the <a target=\"_blank\" rel=\"noopener noreferrer nofollow\" href=\"https:\/\/policies.google.com\/privacy\">Google Fonts Privacy Statement<\/a>.<\/p>\n\t<\/div>\n\t<div class=\"cookies-per-purpose\">\n    <div class=\"purpose\"><h4>Purpose pending investigation<\/h4><\/div>\n    <div class=\"name-header\">\n\t<h5>Nom<\/h5>\n<\/div>\n<div class=\"name\">API des polices Google<\/div>\n<div class=\"retention-header\">\n\t<h5>Expiration<\/h5>\n<\/div>\n<div class=\"retention\"><\/div>\n<div class=\"function-header\">\n\t<h5>Function<\/h5>\n<\/div>\n<div class=\"function\"><\/div>\n\n<\/div>\n<\/details>\n<details class=\"cmplz-dropdown cmplz-service-desc cmplz-dropdown-cookiepolicy\">\n\t<summary class=\"cmplz-service-header\"><div>\n\t\t<h3>Miscellaneous<\/h3>\n\t\t<p>Purpose pending investigation<\/p>\n\t\t<label for=\"cmplz_service_miscellaneous\" class=\"cmplz_consent_per_service_label\"><span class=\"screen-reader-text\">Consent to service miscellaneous<\/span><\/label>\n\t\t<input type=\"checkbox\" id=\"cmplz_service_miscellaneous\" class=\"cmplz-accept-service cmplz-hidden\" data-service=\"miscellaneous\" data-category=\"functional\"><\/div>\n\t<\/summary>\n\t<div class=\"cmplz-service-description\">\n\t\t<h4>Usage<\/h4>\n\t\t<p><\/p>\n\t<\/div>\n\t<div class=\"cmplz-sharing-data\">\n\t\t<h4>Sharing data<\/h4>\n\t\t<p>Sharing of data is pending investigation<\/p>\n\t<\/div>\n\t<div class=\"cookies-per-purpose\">\n    <div class=\"purpose\"><h4>Purpose pending investigation<\/h4><\/div>\n    <div class=\"name-header\">\n\t<h5>Nom<\/h5>\n<\/div>\n<div class=\"name\">thegem_page_options_last_route<\/div>\n<div class=\"retention-header\">\n\t<h5>Expiration<\/h5>\n<\/div>\n<div class=\"retention\"><\/div>\n<div class=\"function-header\">\n\t<h5>Function<\/h5>\n<\/div>\n<div class=\"function\"><\/div>\n<div class=\"name-header\">\n\t<h5>Nom<\/h5>\n<\/div>\n<div class=\"name\">cmlz_fonctionnel<\/div>\n<div class=\"retention-header\">\n\t<h5>Expiration<\/h5>\n<\/div>\n<div class=\"retention\">365 days<\/div>\n<div class=\"function-header\">\n\t<h5>Function<\/h5>\n<\/div>\n<div class=\"function\"><\/div>\n<div class=\"name-header\">\n\t<h5>Nom<\/h5>\n<\/div>\n<div class=\"name\">cmlz_statistiques<\/div>\n<div class=\"retention-header\">\n\t<h5>Expiration<\/h5>\n<\/div>\n<div class=\"retention\">365 days<\/div>\n<div class=\"function-header\">\n\t<h5>Function<\/h5>\n<\/div>\n<div class=\"function\"><\/div>\n<div class=\"name-header\">\n\t<h5>Nom<\/h5>\n<\/div>\n<div class=\"name\">cmlz_preferences<\/div>\n<div class=\"retention-header\">\n\t<h5>Expiration<\/h5>\n<\/div>\n<div class=\"retention\">365 days<\/div>\n<div class=\"function-header\">\n\t<h5>Function<\/h5>\n<\/div>\n<div class=\"function\"><\/div>\n<div class=\"name-header\">\n\t<h5>Nom<\/h5>\n<\/div>\n<div class=\"name\">cmlz_marketing<\/div>\n<div class=\"retention-header\">\n\t<h5>Expiration<\/h5>\n<\/div>\n<div class=\"retention\">365 days<\/div>\n<div class=\"function-header\">\n\t<h5>Function<\/h5>\n<\/div>\n<div class=\"function\"><\/div>\n<div class=\"name-header\">\n\t<h5>Nom<\/h5>\n<\/div>\n<div class=\"name\">cmplz_user_data<\/div>\n<div class=\"retention-header\">\n\t<h5>Expiration<\/h5>\n<\/div>\n<div class=\"retention\">365 days<\/div>\n<div class=\"function-header\">\n\t<h5>Function<\/h5>\n<\/div>\n<div class=\"function\"><\/div>\n<div class=\"name-header\">\n\t<h5>Nom<\/h5>\n<\/div>\n<div class=\"name\">cmplz_id<\/div>\n<div class=\"retention-header\">\n\t<h5>Expiration<\/h5>\n<\/div>\n<div class=\"retention\">365 days<\/div>\n<div class=\"function-header\">\n\t<h5>Function<\/h5>\n<\/div>\n<div class=\"function\"><\/div>\n<div class=\"name-header\">\n\t<h5>Nom<\/h5>\n<\/div>\n<div class=\"name\">cmplz_banner-statut<\/div>\n<div class=\"retention-header\">\n\t<h5>Expiration<\/h5>\n<\/div>\n<div class=\"retention\">365 days<\/div>\n<div class=\"function-header\">\n\t<h5>Function<\/h5>\n<\/div>\n<div class=\"function\"><\/div>\n<div class=\"name-header\">\n\t<h5>Nom<\/h5>\n<\/div>\n<div class=\"name\">cmplz_cat\u00e9gories_enregistr\u00e9es<\/div>\n<div class=\"retention-header\">\n\t<h5>Expiration<\/h5>\n<\/div>\n<div class=\"retention\">365 days<\/div>\n<div class=\"function-header\">\n\t<h5>Function<\/h5>\n<\/div>\n<div class=\"function\"><\/div>\n<div class=\"name-header\">\n\t<h5>Nom<\/h5>\n<\/div>\n<div class=\"name\">cmplz_services_enregistr\u00e9s<\/div>\n<div class=\"retention-header\">\n\t<h5>Expiration<\/h5>\n<\/div>\n<div class=\"retention\">365 days<\/div>\n<div class=\"function-header\">\n\t<h5>Function<\/h5>\n<\/div>\n<div class=\"function\"><\/div>\n<div class=\"name-header\">\n\t<h5>Nom<\/h5>\n<\/div>\n<div class=\"name\">wp-autosave-1<\/div>\n<div class=\"retention-header\">\n\t<h5>Expiration<\/h5>\n<\/div>\n<div class=\"retention\"><\/div>\n<div class=\"function-header\">\n\t<h5>Function<\/h5>\n<\/div>\n<div class=\"function\"><\/div>\n\n<\/div>\n<\/details>\n<\/div><h2>7. Consentement<\/h2><p>Lorsque vous visitez notre site Web pour la premi\u00e8re fois, nous vous montrerons une fen\u00eatre contextuelle avec une explication sur les cookies. D\u00e8s que vous cliquez sur \u00ab\u00a0Enregistrer les pr\u00e9f\u00e9rences\u00a0\u00bb, vous consentez \u00e0 ce que nous utilisions les cat\u00e9gories de cookies et de plug-ins que vous avez s\u00e9lectionn\u00e9s dans la fen\u00eatre contextuelle, comme d\u00e9crit dans la pr\u00e9sente politique en mati\u00e8re de cookies. Vous pouvez d\u00e9sactiver l&#039;utilisation de cookies via votre navigateur, mais veuillez noter que notre site Internet risque de ne plus fonctionner correctement.<\/p><p class=\"cmplz-subtitle\">7.1 G\u00e9rer vos param\u00e8tres de consentement<\/p><div id=\"cmplz-manage-consent-container-nojavascript\">You have loaded the Cookie Policy without javascript support.&nbsp;On AMP, you can use the manage consent button on the bottom of the page.<\/div><div id=\"cmplz-manage-consent-container\" class=\"cmplz-manage-consent-container\"><\/div><h2>8. Activation\/d\u00e9sactivation et suppression des cookies<\/h2><p>Vous pouvez utiliser votre navigateur Internet pour supprimer automatiquement ou manuellement les cookies. Vous pouvez \u00e9galement pr\u00e9ciser que certains cookies ne peuvent pas \u00eatre d\u00e9pos\u00e9s. Une autre option consiste \u00e0 modifier les param\u00e8tres de votre navigateur Internet afin que vous receviez un message \u00e0 chaque fois qu&#039;un cookie est d\u00e9pos\u00e9. Pour plus d&#039;informations sur ces options, veuillez vous r\u00e9f\u00e9rer aux instructions dans la section Aide de votre navigateur.<\/p><p>Veuillez noter que notre site Web peut ne pas fonctionner correctement si tous les cookies sont d\u00e9sactiv\u00e9s. Si vous supprimez les cookies dans votre navigateur, ils seront \u00e0 nouveau plac\u00e9s apr\u00e8s votre consentement lorsque vous visiterez \u00e0 nouveau notre site Web.<\/p><h2>9. Vos droits concernant les donn\u00e9es personnelles<\/h2><p>Vous disposez des droits suivants concernant vos donn\u00e9es personnelles :<\/p><ul>\n                    <li>Vous avez le droit de savoir pourquoi vos donn\u00e9es personnelles sont n\u00e9cessaires, ce qu&#039;il adviendra de elles et combien de temps elles seront conserv\u00e9es.<\/li>\n                    <li>Droit d&#039;acc\u00e8s : Vous avez le droit d&#039;acc\u00e9der \u00e0 vos donn\u00e9es personnelles dont nous avons connaissance.<\/li>\n                    <li>Droit de rectification : vous disposez du droit de compl\u00e9ter, de rectifier, de faire supprimer ou de bloquer vos donn\u00e9es personnelles \u00e0 tout moment.<\/li>\n                    <li>Si vous nous donnez votre consentement pour traiter vos donn\u00e9es, vous avez le droit de r\u00e9voquer ce consentement et de faire supprimer vos donn\u00e9es personnelles.<\/li>\n                    <li>Droit de transf\u00e9rer vos donn\u00e9es : vous avez le droit de demander toutes vos donn\u00e9es personnelles au responsable du traitement et de les transf\u00e9rer dans leur int\u00e9gralit\u00e9 \u00e0 un autre responsable du traitement.<\/li>\n                    <li>Droit d&#039;opposition : vous pouvez vous opposer au traitement de vos donn\u00e9es. Nous nous y conformons, sauf s&#039;il existe des motifs justifi\u00e9s de traitement.<\/li>\n                <\/ul><p>Pour exercer ces droits, veuillez nous contacter. Veuillez vous r\u00e9f\u00e9rer aux coordonn\u00e9es au bas de cette politique en mati\u00e8re de cookies. Si vous avez une plainte concernant la mani\u00e8re dont nous traitons vos donn\u00e9es, nous aimerions avoir votre avis, mais vous avez \u00e9galement le droit de d\u00e9poser une plainte aupr\u00e8s de l&#039;autorit\u00e9 de contr\u00f4le (l&#039;autorit\u00e9 de protection des donn\u00e9es).<\/p><h2>10. Coordonn\u00e9es<\/h2><p>Pour toute question et\/ou commentaire concernant notre politique en mati\u00e8re de cookies et cette d\u00e9claration, veuillez nous contacter en utilisant les coordonn\u00e9es suivantes\u00a0:<\/p><p><span class=\"cmplz-contact-organisation\">Belotti srl<\/span><br>\n                      <span class=\"cmplz-contact-address\">Via Consulaire 41<br \/>\n25030 Erbusco (Canton Berne)<\/span><br>\n                      <span class=\"cmplz-contact-country\">Italie<\/span><br>\n                    Site web: <span class=\"cmplz-contact-domain\"><a href=\"https:\/\/farbel.it\/fr\">https:\/\/farbel.it\/fr<\/a><\/span><br>\n                    E-mail: <span class=\"cmplz-contact-email\">&#105;n&#102;&#111;&#064;&#102;a&#114;&#098;&#101;&#108;.c&#111;m<\/span><br>\n                    <span class=\"cmplz-contact-telephone\"><\/span><\/p><p>Cette politique de cookies a \u00e9t\u00e9 synchronis\u00e9e avec <a href=\"https:\/\/cookiedatabase.org\/\" target=\"_blank\">cookiedatabase.org<\/a> on avril 27, 2026.<\/p><\/div>","protected":false},"excerpt":{"rendered":"<p>Lorem Ipsum. Proin gravida nibh vel velit auctor aliquet. Sollicitudin \u00e9n\u00e9en, lorem quis bibendum auctor, nisi elit consequat ipsum, nec sagittis sem nibh id elit. <\/p>","protected":false},"author":1,"featured_media":0,"parent":0,"menu_order":0,"comment_status":"open","ping_status":"open","template":"","meta":{"footnotes":""},"class_list":["post-25581","page","type-page","status-publish"],"_links":{"self":[{"href":"https:\/\/farbel.it\/fr\/wp-json\/wp\/v2\/pages\/25581","targetHints":{"allow":["GET"]}}],"collection":[{"href":"https:\/\/farbel.it\/fr\/wp-json\/wp\/v2\/pages"}],"about":[{"href":"https:\/\/farbel.it\/fr\/wp-json\/wp\/v2\/types\/page"}],"author":[{"embeddable":true,"href":"https:\/\/farbel.it\/fr\/wp-json\/wp\/v2\/users\/1"}],"replies":[{"embeddable":true,"href":"https:\/\/farbel.it\/fr\/wp-json\/wp\/v2\/comments?post=25581"}],"version-history":[{"count":1,"href":"https:\/\/farbel.it\/fr\/wp-json\/wp\/v2\/pages\/25581\/revisions"}],"predecessor-version":[{"id":25583,"href":"https:\/\/farbel.it\/fr\/wp-json\/wp\/v2\/pages\/25581\/revisions\/25583"}],"wp:attachment":[{"href":"https:\/\/farbel.it\/fr\/wp-json\/wp\/v2\/media?parent=25581"}],"curies":[{"name":"wp","href":"https:\/\/api.w.org\/{rel}","templated":true}]}}