{"id":849,"date":"2018-12-10T10:49:31","date_gmt":"2018-12-10T10:49:31","guid":{"rendered":"http:\/\/democontent.codex-themes.com\/sites-wpb-v5\/photography-studio\/?page_id=2"},"modified":"2024-12-05T10:23:59","modified_gmt":"2024-12-05T10:23:59","slug":"homepage","status":"publish","type":"page","link":"https:\/\/farbel.it\/de\/","title":{"rendered":"Homepage"},"content":{"rendered":"<div class=\"wpb-content-wrapper\"><div id=\"vc_row-69f26f0b1a4f7\" class=\"vc_row wpb_row vc_row-fluid vc_custom_1732541999046 thegem-custom-69f26f0b1a4db6440 vc_column-gap-30\"><div class=\"wpb_column vc_column_container vc_col-sm-12 thegem-custom-69f26f0b1a7c49196\" ><div class=\"vc_column-inner thegem-custom-inner-69f26f0b1a7c7\"><div class=\"wpb_wrapper thegem-custom-69f26f0b1a7c49196\"><div class=\"clearboth\"><\/div><style>#thegem-divider-69f26f0b1aa33 {margin-top: 50px !important;}<\/style><div id=\"thegem-divider-69f26f0b1aa33\" class=\"gem-divider\" style=\"\" ><\/div>\r\n\t\r\n\t<div  class=\"wpb_single_image wpb_content_element vc_align_center  vc_custom_1732541779169\" >\r\n\t\t\r\n\t\t<figure class=\"wpb_wrapper vc_figure\">\r\n\t\t\t<div class=\"vc_single_image-wrapper   vc_box_border_grey\"><img class=\"vc_single_image-img\" src=\"https:\/\/farbel.it\/wp-content\/uploads\/2024\/11\/belotti-1-300x54.png\" width=\"300\" height=\"54\" alt=\"belotti\" title=\"belotti\" loading=\"lazy\" \/><\/div>\r\n\t\t<\/figure>\r\n\t<\/div>\r\n\t\r\n\r\n\t\r\n\t\t<div class=\"wpb_text_column wpb_content_element  wpb_animate_when_almost_visible wpb_bottom-to-top bottom-to-top thegem-vc-text thegem-custom-69f26f0b1b1c08986\"  >\r\n\t\t\t<div class=\"wpb_wrapper\">\r\n\t\t\t\t<div class=\"styled-subtitle\" style=\"text-align: center;\"><span style=\"color: #b3ae8d;\">Seit \u00fcber 50 Jahren f\u00fchrend im Kunstguss von Messing, Aluminium, Kupfer und Stahl.<\/span><\/div>\n\r\n\t\t\t<\/div>\r\n\t\t\t<style>@media screen and (max-width: 1023px) {.thegem-vc-text.thegem-custom-69f26f0b1b1c08986{display: block!important;}}@media screen and (max-width: 767px) {.thegem-vc-text.thegem-custom-69f26f0b1b1c08986{display: block!important;}}@media screen and (max-width: 1023px) {.thegem-vc-text.thegem-custom-69f26f0b1b1c08986{position: relative !important;}}@media screen and (max-width: 767px) {.thegem-vc-text.thegem-custom-69f26f0b1b1c08986{position: relative !important;}}<\/style>\r\n\t\t<\/div>\r\n\t\r\n<div class=\"clearboth\"><\/div><style>#thegem-divider-69f26f0b1b278 {margin-top: 50px !important;}<\/style><div id=\"thegem-divider-69f26f0b1b278\" class=\"gem-divider\" style=\"\" ><\/div><div class=\"vc_row wpb_row vc_inner vc_row-fluid thegem-custom-69f26f0b1b4958710 custom-inner-column-69f26f0b1b49f\" ><div class=\"wpb_column vc_column_container vc_col-sm-6 thegem-custom-69f26f0b1b6d14746\"><div class=\"vc_column-inner thegem-custom-inner-69f26f0b1b6d4\"><div class=\"wpb_wrapper thegem-custom-69f26f0b1b6d14746\">\r\n\t\r\n\t\t<div class=\"wpb_text_column wpb_content_element  wpb_animate_when_almost_visible wpb_bottom-to-top bottom-to-top thegem-vc-text thegem-custom-69f26f0b1b87a1017\"  >\r\n\t\t\t<div class=\"wpb_wrapper\">\r\n\t\t\t\t<p><span style=\"color: #b8b8b8;\"><strong>FARBEL: Tradition, Innovation und Rarit\u00e4t in der Welt der k\u00fcnstlerischen Fusion<\/strong><\/span><\/p>\n<p><span style=\"color: #b8b8b8;\"><strong>FARBEL<\/strong> ist eines der renommiertesten italienischen Unternehmen im Bereich der k\u00fcnstlerischen Fusion. Das 1966 gegr\u00fcndete Unternehmen steht seit \u00fcber einem halben Jahrhundert f\u00fcr Exzellenz in der Verarbeitung von Edelmetallen wie Messing, Bronze, Aluminium, Kupfer und Stahl, mit besonderem Augenmerk auf handwerkliche Qualit\u00e4t und technologische Innovation.<\/span><\/p>\n<p><span style=\"color: #b8b8b8;\">Unser Fachwissen hat es uns erm\u00f6glicht, die unterschiedlichsten Anforderungen zu erf\u00fcllen, sowohl f\u00fcr die Produktion in kleinem Ma\u00dfstab als auch f\u00fcr gro\u00dfe Serien, und unsere Produkte in die ganze Welt zu exportieren.<\/span><\/p>\n\r\n\t\t\t<\/div>\r\n\t\t\t<style>@media screen and (max-width: 1023px) {.thegem-vc-text.thegem-custom-69f26f0b1b87a1017{display: block!important;}}@media screen and (max-width: 767px) {.thegem-vc-text.thegem-custom-69f26f0b1b87a1017{display: block!important;}}@media screen and (max-width: 1023px) {.thegem-vc-text.thegem-custom-69f26f0b1b87a1017{position: relative !important;}}@media screen and (max-width: 767px) {.thegem-vc-text.thegem-custom-69f26f0b1b87a1017{position: relative !important;}}<\/style>\r\n\t\t<\/div>\r\n\t\r\n<\/div><\/div><\/div><div class=\"wpb_column vc_column_container vc_col-sm-6 thegem-custom-69f26f0b1ba911144\"><div class=\"vc_column-inner thegem-custom-inner-69f26f0b1ba94\"><div class=\"wpb_wrapper thegem-custom-69f26f0b1ba911144\">\r\n\t\r\n\t\t<div class=\"wpb_text_column wpb_content_element  thegem-vc-text thegem-custom-69f26f0b1bc1d3062\"  >\r\n\t\t\t<div class=\"wpb_wrapper\">\r\n\t\t\t\t<p><span style=\"color: #b8b8b8;\">Heute, <strong>FARBEL<\/strong> hat die Katalogproduktion eingestellt, kreiert aber weiterhin exklusive Designelemente f\u00fcr historische Kunden und h\u00e4lt so unsere handwerkliche Tradition am Leben. In unserem Showroom sind weiterhin Einzelst\u00fccke erh\u00e4ltlich, deren Wert dank ihrer Seltenheit und handwerklichen Exklusivit\u00e4t mit der Zeit w\u00e4chst. Diese St\u00fccke sind nicht nur ein greifbares Beispiel unserer Handwerkskunst, sondern auch Kultobjekte f\u00fcr Sammler und Liebhaber auf der ganzen Welt.<\/span><\/p>\n<p><span style=\"color: #b8b8b8;\"><strong><em>FARBEL ist weiterhin ein Synonym f\u00fcr Exzellenz und vereint Tradition, Innovation und ein wertvolles Erbe in der Welt der k\u00fcnstlerischen Fusion.<\/em><\/strong><\/span><\/p>\n\r\n\t\t\t<\/div>\r\n\t\t\t<style>@media screen and (max-width: 1023px) {.thegem-vc-text.thegem-custom-69f26f0b1bc1d3062{display: block!important;}}@media screen and (max-width: 767px) {.thegem-vc-text.thegem-custom-69f26f0b1bc1d3062{display: block!important;}}@media screen and (max-width: 1023px) {.thegem-vc-text.thegem-custom-69f26f0b1bc1d3062{position: relative !important;}}@media screen and (max-width: 767px) {.thegem-vc-text.thegem-custom-69f26f0b1bc1d3062{position: relative !important;}}<\/style>\r\n\t\t<\/div>\r\n\t\r\n<\/div><\/div><\/div><\/div><\/div><\/div><\/div><\/div><div class=\"vc_row-full-width-before\"><\/div><div id=\"vc_row-69f26f0b1bf20\" data-vc-full-width=\"true\" data-vc-full-width-init=\"false\" data-vc-stretch-content=\"true\" class=\"vc_row wpb_row vc_row-fluid thegem-custom-69f26f0b1bf0e4945 vc_row-no-padding\"><script type=\"text\/javascript\">if (typeof(gem_fix_fullwidth_position) == \"function\") { gem_fix_fullwidth_position(document.getElementById(\"vc_row-69f26f0b1bf20\")); }<\/script><div class=\"wpb_column vc_column_container vc_col-sm-1\/5 thegem-custom-69f26f0b1c1193367\" ><div class=\"vc_column-inner thegem-custom-inner-69f26f0b1c11b\"><div class=\"wpb_wrapper thegem-custom-69f26f0b1c1193367\">\r\n\t\r\n\t<div  class=\"wpb_single_image wpb_content_element vc_align_center\" >\r\n\t\t\r\n\t\t<figure class=\"wpb_wrapper vc_figure\">\r\n\t\t\t<div class=\"vc_single_image-wrapper   vc_box_border_grey\"><img width=\"960\" height=\"820\" src=\"https:\/\/farbel.it\/wp-content\/uploads\/2024\/10\/storia-1.jpg\" class=\"vc_single_image-img attachment-full\" alt=\"\" title=\"Geschichte-1\" srcset=\"https:\/\/farbel.it\/wp-content\/uploads\/2024\/10\/storia-1.jpg 960w, https:\/\/farbel.it\/wp-content\/uploads\/2024\/10\/storia-1-300x256.jpg 300w, https:\/\/farbel.it\/wp-content\/uploads\/2024\/10\/storia-1-768x656.jpg 768w, https:\/\/farbel.it\/wp-content\/uploads\/2024\/10\/storia-1-600x513.jpg 600w\" sizes=\"(max-width: 960px) 100vw, 960px\" \/><\/div>\r\n\t\t<\/figure>\r\n\t<\/div>\r\n\t\r\n<\/div><\/div><\/div><div class=\"wpb_column vc_column_container vc_col-sm-1\/5 thegem-custom-69f26f0b1c8c99508\" ><div class=\"vc_column-inner thegem-custom-inner-69f26f0b1c8cc\"><div class=\"wpb_wrapper thegem-custom-69f26f0b1c8c99508\">\r\n\t\r\n\t<div  class=\"wpb_single_image wpb_content_element vc_align_center\" >\r\n\t\t\r\n\t\t<figure class=\"wpb_wrapper vc_figure\">\r\n\t\t\t<div class=\"vc_single_image-wrapper   vc_box_border_grey\"><img width=\"960\" height=\"820\" src=\"https:\/\/farbel.it\/wp-content\/uploads\/2024\/10\/storia-4.jpg\" class=\"vc_single_image-img attachment-full\" alt=\"\" title=\"Geschichte-4\" srcset=\"https:\/\/farbel.it\/wp-content\/uploads\/2024\/10\/storia-4.jpg 960w, https:\/\/farbel.it\/wp-content\/uploads\/2024\/10\/storia-4-300x256.jpg 300w, https:\/\/farbel.it\/wp-content\/uploads\/2024\/10\/storia-4-768x656.jpg 768w, https:\/\/farbel.it\/wp-content\/uploads\/2024\/10\/storia-4-600x513.jpg 600w\" sizes=\"(max-width: 960px) 100vw, 960px\" \/><\/div>\r\n\t\t<\/figure>\r\n\t<\/div>\r\n\t\r\n<\/div><\/div><\/div><div class=\"wpb_column vc_column_container vc_col-sm-1\/5 thegem-custom-69f26f0b1d05f2864\" ><div class=\"vc_column-inner thegem-custom-inner-69f26f0b1d062\"><div class=\"wpb_wrapper thegem-custom-69f26f0b1d05f2864\">\r\n\t\r\n\t<div  class=\"wpb_single_image wpb_content_element vc_align_center\" >\r\n\t\t\r\n\t\t<figure class=\"wpb_wrapper vc_figure\">\r\n\t\t\t<div class=\"vc_single_image-wrapper   vc_box_border_grey\"><img width=\"960\" height=\"820\" src=\"https:\/\/farbel.it\/wp-content\/uploads\/2024\/11\/farbel3.jpg\" class=\"vc_single_image-img attachment-full\" alt=\"\" title=\"farbel3\" srcset=\"https:\/\/farbel.it\/wp-content\/uploads\/2024\/11\/farbel3.jpg 960w, https:\/\/farbel.it\/wp-content\/uploads\/2024\/11\/farbel3-300x256.jpg 300w, https:\/\/farbel.it\/wp-content\/uploads\/2024\/11\/farbel3-768x656.jpg 768w, https:\/\/farbel.it\/wp-content\/uploads\/2024\/11\/farbel3-600x513.jpg 600w\" sizes=\"(max-width: 960px) 100vw, 960px\" \/><\/div>\r\n\t\t<\/figure>\r\n\t<\/div>\r\n\t\r\n<\/div><\/div><\/div><div class=\"wpb_column vc_column_container vc_col-sm-1\/5 thegem-custom-69f26f0b1d7ed1712\" ><div class=\"vc_column-inner thegem-custom-inner-69f26f0b1d7f0\"><div class=\"wpb_wrapper thegem-custom-69f26f0b1d7ed1712\">\r\n\t\r\n\t<div  class=\"wpb_single_image wpb_content_element vc_align_center\" >\r\n\t\t\r\n\t\t<figure class=\"wpb_wrapper vc_figure\">\r\n\t\t\t<div class=\"vc_single_image-wrapper   vc_box_border_grey\"><img width=\"960\" height=\"820\" src=\"https:\/\/farbel.it\/wp-content\/uploads\/2024\/10\/produzione-4.jpg\" class=\"vc_single_image-img attachment-full\" alt=\"\" title=\"Produktion-4\" srcset=\"https:\/\/farbel.it\/wp-content\/uploads\/2024\/10\/produzione-4.jpg 960w, https:\/\/farbel.it\/wp-content\/uploads\/2024\/10\/produzione-4-300x256.jpg 300w, https:\/\/farbel.it\/wp-content\/uploads\/2024\/10\/produzione-4-768x656.jpg 768w, https:\/\/farbel.it\/wp-content\/uploads\/2024\/10\/produzione-4-600x513.jpg 600w\" sizes=\"(max-width: 960px) 100vw, 960px\" \/><\/div>\r\n\t\t<\/figure>\r\n\t<\/div>\r\n\t\r\n<\/div><\/div><\/div><div class=\"wpb_column vc_column_container vc_col-sm-1\/5 thegem-custom-69f26f0b1df558189\" ><div class=\"vc_column-inner thegem-custom-inner-69f26f0b1df58\"><div class=\"wpb_wrapper thegem-custom-69f26f0b1df558189\">\r\n\t\r\n\t<div  class=\"wpb_single_image wpb_content_element vc_align_center\" >\r\n\t\t\r\n\t\t<figure class=\"wpb_wrapper vc_figure\">\r\n\t\t\t<div class=\"vc_single_image-wrapper   vc_box_border_grey\"><img width=\"960\" height=\"820\" src=\"https:\/\/farbel.it\/wp-content\/uploads\/2024\/10\/produzione-1.jpg\" class=\"vc_single_image-img attachment-full\" alt=\"\" title=\"Produktion-1\" srcset=\"https:\/\/farbel.it\/wp-content\/uploads\/2024\/10\/produzione-1.jpg 960w, https:\/\/farbel.it\/wp-content\/uploads\/2024\/10\/produzione-1-300x256.jpg 300w, https:\/\/farbel.it\/wp-content\/uploads\/2024\/10\/produzione-1-768x656.jpg 768w, https:\/\/farbel.it\/wp-content\/uploads\/2024\/10\/produzione-1-600x513.jpg 600w\" sizes=\"(max-width: 960px) 100vw, 960px\" \/><\/div>\r\n\t\t<\/figure>\r\n\t<\/div>\r\n\t\r\n<\/div><\/div><\/div><\/div><div class=\"vc_row-full-width vc_clearfix\"><\/div><div id=\"vc_row-69f26f0b1e75e\" class=\"vc_row wpb_row vc_row-fluid vc_custom_1544617959409 thegem-custom-69f26f0b1e74a5978\"><div class=\"wpb_column vc_column_container vc_col-sm-12 thegem-custom-69f26f0b1e9f72527\" ><div class=\"vc_column-inner thegem-custom-inner-69f26f0b1e9fa\"><div class=\"wpb_wrapper thegem-custom-69f26f0b1e9f72527\">\r\n\t\r\n\t\t<div class=\"wpb_text_column wpb_content_element  wpb_animate_when_almost_visible wpb_bottom-to-top bottom-to-top thegem-vc-text thegem-custom-69f26f0b1ebb04016\"  >\r\n\t\t\t<div class=\"wpb_wrapper\">\r\n\t\t\t\t<div class=\"styled-subtitle\" style=\"text-align: center;\"><span style=\"color: #b3ae8d;\"><strong>FARBEL<\/strong> ist weiterhin ein Synonym f\u00fcr <strong>Exzellenz<\/strong>,<br \/>\nBeitritt <strong>Tradition<\/strong>, <strong>Innovation<\/strong> und ein wertvolles Verm\u00e4chtnis in der Welt von <strong>k\u00fcnstlerische Verschmelzung<\/strong>.<\/span><\/div>\n\r\n\t\t\t<\/div>\r\n\t\t\t<style>@media screen and (max-width: 1023px) {.thegem-vc-text.thegem-custom-69f26f0b1ebb04016{display: block!important;}}@media screen and (max-width: 767px) {.thegem-vc-text.thegem-custom-69f26f0b1ebb04016{display: block!important;}}@media screen and (max-width: 1023px) {.thegem-vc-text.thegem-custom-69f26f0b1ebb04016{position: relative !important;}}@media screen and (max-width: 767px) {.thegem-vc-text.thegem-custom-69f26f0b1ebb04016{position: relative !important;}}<\/style>\r\n\t\t<\/div>\r\n\t\r\n<\/div><\/div><\/div><\/div>\n<\/div>","protected":false},"excerpt":{"rendered":"","protected":false},"author":1,"featured_media":0,"parent":0,"menu_order":0,"comment_status":"closed","ping_status":"open","template":"","meta":{"footnotes":""},"class_list":["post-849","page","type-page","status-publish"],"_links":{"self":[{"href":"https:\/\/farbel.it\/de\/wp-json\/wp\/v2\/pages\/849","targetHints":{"allow":["GET"]}}],"collection":[{"href":"https:\/\/farbel.it\/de\/wp-json\/wp\/v2\/pages"}],"about":[{"href":"https:\/\/farbel.it\/de\/wp-json\/wp\/v2\/types\/page"}],"author":[{"embeddable":true,"href":"https:\/\/farbel.it\/de\/wp-json\/wp\/v2\/users\/1"}],"replies":[{"embeddable":true,"href":"https:\/\/farbel.it\/de\/wp-json\/wp\/v2\/comments?post=849"}],"version-history":[{"count":41,"href":"https:\/\/farbel.it\/de\/wp-json\/wp\/v2\/pages\/849\/revisions"}],"predecessor-version":[{"id":25590,"href":"https:\/\/farbel.it\/de\/wp-json\/wp\/v2\/pages\/849\/revisions\/25590"}],"wp:attachment":[{"href":"https:\/\/farbel.it\/de\/wp-json\/wp\/v2\/media?parent=849"}],"curies":[{"name":"wp","href":"https:\/\/api.w.org\/{rel}","templated":true}]}}